{"id":42,"date":"2020-09-23T09:35:28","date_gmt":"2020-09-23T09:35:28","guid":{"rendered":"https:\/\/popsacademy.se\/stockholm\/?page_id=42"},"modified":"2025-10-22T08:51:44","modified_gmt":"2025-10-22T07:51:44","slug":"ansokan","status":"publish","type":"page","link":"https:\/\/popsacademy.se\/stockholm\/ansokan\/","title":{"rendered":"Ans\u00f6kan"},"content":{"rendered":"\n<div class=\"wp-block-columns is-layout-flex wp-container-core-columns-layout-1 wp-block-columns-is-layout-flex\">\n<div class=\"wp-block-column is-layout-flow wp-block-column-is-layout-flow\">\n<h1 class=\"wp-block-heading\">G\u00f6r ditt barn redo f\u00f6r livets scen \u2013 s\u00f6k till Pops Academy<\/h1>\n\n\n\n<p   class=\"site__ingress container text-left  site__text-color--dark  site__free_text--ingress p-0\">\n\tMed musiken som kraft hj\u00e4lper vi v\u00e5ra elever att n\u00e5 sina m\u00e5l. Oavsett om de dr\u00f6mmer om att bli innovat\u00f6r, professor, musiker eller artist. <\/p>\n\n\n\n\n\n<h2 class=\"wp-block-heading\">S\u00f6k till Pops Academy Stockholm<\/h2>\n\n\n\n<p>Vad roligt att du \u00e4r intresserad av Pops Academy Stockholm! Vi ser fram emot att uppmuntra, utveckla och utmana alla nya elever och g\u00f6ra dem redo f\u00f6r livets scen. <\/p>\n\n\n\n<p>Nedanf\u00f6r hittar du l\u00e4nken till v\u00e5rt ans\u00f6kningsformul\u00e4r. Klicka&nbsp;<a href=\"https:\/\/popsacademy.se\/stockholm\/antagning\/\">h\u00e4r<\/a>&nbsp;f\u00f6r att l\u00e4sa mer om v\u00e5ra antagningsrutiner och hur processen ser ut. Har du fr\u00e5gor ut\u00f6ver det \u00e4r du v\u00e4lkommen att&nbsp;<a href=\"https:\/\/popsacademy.se\/stockholm\/kontakt\/\">kontakta oss<\/a>.<\/p>\n\n\n\n<p>Vid skyddade personuppgifter, var v\u00e4nlig kontakta skolan f\u00f6r k\u00f6plats.<\/p>\n\n\n\n<div class=\"module_wrapper ams_single_button_module cpt-60 cpb-30\" >\n\t<div class=\"container\">\n\t\t<div class=\"row\">\n\t\t\t<div class=\"col-12\">\n\t\t\t\t\n\t\t\t\t\t<div class=\"text-left\">\n\t\t\t\t\t\t\t\t\t\t\t\t\t\t\t\t\t\t\t<!-- Please don't convert it to button from <a>. If we use javascript linking, it is not\n\t\t\t\t\t\ttracking correctly in Google Analytic. -->\n\t\t\t\t\t\t\t<a tabindex=\"0.01\"\n\t\t\t\t\t\t\t   id=\"69e15a4332ee0\"\n\t\t\t\t\t\t\t   href=\"https:\/\/sms.schoolsoft.se\/popsacademy\/jsp\/public\/right_public_studentqueue.jsp?school=ostermalm\"\n\t\t\t\t\t\t\t   target=\"\"\n\t\t\t\t\t\t\t   class=\"btn text-center ams_active_button_state_default site__buttons-1 pt-2 site__cta-bg--100 site__text-color--light site__text-color--dark rounded-corners-btn-shape \"\n\t\t\t\t\t\t\t   title=\"Till K\u00d6ANM\u00c4LAN\"\n\t\t\t\t\t\t\t   role=\"button\">\n\t\t\t\t\t\t\t\tTill K\u00d6ANM\u00c4LAN\t\t\t\t\t\t\t<\/a>\n\n\t\t\t\t\t\t\t\t\t\t\t<\/div>\n\n\t\t\t\t\t\t\t<\/div>\n\t\t<\/div>\n\t<\/div>\n<\/div>\n<\/div>\n\n\n\n<div class=\"wp-block-column is-layout-flow wp-block-column-is-layout-flow\">\t<div\n\t\t class=\"container-fluid images-module\" >\n\t\t<div class=\"row my-2\">\n\t\t\t<div class=\"col-md-12 images_module__img_r images_module__content_spacing_img_r_m  images-module__color-plate-right-bg_site__secondary-bg--100 \">\n\t\t\t\t<div class=\"position-relative text-right\">\n\t\t\t\t\t<div class=\"images__wrapper\" style=\"float:right; max-width: 440px; max-height: 494px;\">\n\t\t\t\t\t\t<img decoding=\"async\" width=\"1080\" height=\"1080\" src=\"https:\/\/popsacademy.se\/wp-content\/uploads\/sites\/6\/2023\/04\/pops-academy-musik-kreativitet-akademisk-kvalitet-stockholm-202204-5.jpg\" class=\"d-block images__image_ratio  \" alt=\"Elev p\u00e5 Pops Academy spelar saxofon p\u00e5 scen.\" style=\"aspect-ratio: 440 \/ 494;object-position: center center;\" srcset=\"https:\/\/popsacademy.se\/wp-content\/uploads\/sites\/6\/2023\/04\/pops-academy-musik-kreativitet-akademisk-kvalitet-stockholm-202204-5.jpg 1080w, https:\/\/popsacademy.se\/wp-content\/uploads\/sites\/6\/2023\/04\/pops-academy-musik-kreativitet-akademisk-kvalitet-stockholm-202204-5-150x150.jpg 150w, https:\/\/popsacademy.se\/wp-content\/uploads\/sites\/6\/2023\/04\/pops-academy-musik-kreativitet-akademisk-kvalitet-stockholm-202204-5-300x300.jpg 300w, https:\/\/popsacademy.se\/wp-content\/uploads\/sites\/6\/2023\/04\/pops-academy-musik-kreativitet-akademisk-kvalitet-stockholm-202204-5-400x400.jpg 400w, https:\/\/popsacademy.se\/wp-content\/uploads\/sites\/6\/2023\/04\/pops-academy-musik-kreativitet-akademisk-kvalitet-stockholm-202204-5-600x600.jpg 600w, https:\/\/popsacademy.se\/wp-content\/uploads\/sites\/6\/2023\/04\/pops-academy-musik-kreativitet-akademisk-kvalitet-stockholm-202204-5-800x800.jpg 800w, https:\/\/popsacademy.se\/wp-content\/uploads\/sites\/6\/2023\/04\/pops-academy-musik-kreativitet-akademisk-kvalitet-stockholm-202204-5-1024x1024.jpg 1024w\" sizes=\"(max-width: 1080px) 100vw, 1080px\" \/>\t\t\t\t\t<\/div>\n\t\t\t\t\t<div style=\"clear:both;\">\n\t\t\t\t\t\t\n\t\t\t\t\t\t\t\t\t\t\t<\/div>\n\t\t\t\t<\/div>\n\t\t\t<\/div>\n\t\t<\/div>\n\t<\/div>\n\t\n\n\n<script>\n\tvar images_display_descriptive_text = \"\";\n<\/script>\n<\/div>\n<\/div>\n\n\n\n<div class=\"wp-block-columns is-layout-flex wp-container-core-columns-layout-2 wp-block-columns-is-layout-flex\">\n<div class=\"wp-block-column is-layout-flow wp-block-column-is-layout-flow\" style=\"flex-basis:15%\"><\/div>\n\n\n\n<div class=\"wp-block-column is-layout-flow wp-block-column-is-layout-flow\" style=\"flex-basis:70%\">\n\n<section  class=\"ams-gravity-form c-block l-stacked\" data-color-scheme=\"nyans2_av_p2-hover-standard\">\n\t<div class=\"l-container l-stack l-stack-fluid-2xl u-pt-fluid-2xl-4xl u-pb-fluid-2xl-4xl is-center is-center@md\">\n\t\t\t\t\t<div class=\"ams-gravity-form__intro l-stack l-stack-lg\">\n\t\t\t\t\t\n\t<h2\n\tclass=\"c-heading u-font-title-1 \"\n\tstyle=\"\">\n\t\t\n\t\t\t\t\tHar du fr\u00e5gor om k\u00f6anm\u00e4lan?\n\t\t\t\t\n\t<\/h2>\n\n\t\t\t\t\t\t\t\t\t<div class=\"c-text l-stack u-cs-xl u-font-body\">\n\t\t\t\t\t\t<p>Fyll i ditt mobilnummer s\u00e5 kontaktar vi dig!<\/p>\n\n\t\t\t\t\t<\/div>\n\t\t\t\t\t\t\t<\/div>\n\t\t\n\t\t\n\t<script type=\"text\/javascript\">var gform;gform||(document.addEventListener(\"gform_main_scripts_loaded\",function(){gform.scriptsLoaded=!0}),window.addEventListener(\"DOMContentLoaded\",function(){gform.domLoaded=!0}),gform={domLoaded:!1,scriptsLoaded:!1,initializeOnLoaded:function(o){gform.domLoaded&&gform.scriptsLoaded?o():!gform.domLoaded&&gform.scriptsLoaded?window.addEventListener(\"DOMContentLoaded\",o):document.addEventListener(\"gform_main_scripts_loaded\",o)},hooks:{action:{},filter:{}},addAction:function(o,n,r,t){gform.addHook(\"action\",o,n,r,t)},addFilter:function(o,n,r,t){gform.addHook(\"filter\",o,n,r,t)},doAction:function(o){gform.doHook(\"action\",o,arguments)},applyFilters:function(o){return gform.doHook(\"filter\",o,arguments)},removeAction:function(o,n){gform.removeHook(\"action\",o,n)},removeFilter:function(o,n,r){gform.removeHook(\"filter\",o,n,r)},addHook:function(o,n,r,t,i){null==gform.hooks[o][n]&&(gform.hooks[o][n]=[]);var e=gform.hooks[o][n];null==i&&(i=n+\"_\"+e.length),gform.hooks[o][n].push({tag:i,callable:r,priority:t=null==t?10:t})},doHook:function(n,o,r){var t;if(r=Array.prototype.slice.call(r,1),null!=gform.hooks[n][o]&&((o=gform.hooks[n][o]).sort(function(o,n){return o.priority-n.priority}),o.forEach(function(o){\"function\"!=typeof(t=o.callable)&&(t=window[t]),\"action\"==n?t.apply(null,r):r[0]=t.apply(null,r)})),\"filter\"==n)return r[0]},removeHook:function(o,n,t,i){var r;null!=gform.hooks[o][n]&&(r=(r=gform.hooks[o][n]).filter(function(o,n,r){return!!(null!=i&&i!=o.tag||null!=t&&t!=o.priority)}),gform.hooks[o][n]=r)}});<\/script>\n                <div class='gf_browser_gecko gform_wrapper gform-theme gform-theme--foundation gform-theme--framework gform-theme--orbital' data-form-theme='orbital' data-form-index='0' id='gform_wrapper_1' ><style>#gform_wrapper_1[data-form-index=\"0\"].gform-theme,[data-parent-form=\"1_0\"]{--gf-color-primary: #204ce5;--gf-color-primary-rgb: 32, 76, 229;--gf-color-primary-contrast: #fff;--gf-color-primary-contrast-rgb: 255, 255, 255;--gf-color-primary-darker: #001AB3;--gf-color-primary-lighter: #527EFF;--gf-color-secondary: #fff;--gf-color-secondary-rgb: 255, 255, 255;--gf-color-secondary-contrast: #112337;--gf-color-secondary-contrast-rgb: 17, 35, 55;--gf-color-secondary-darker: #F5F5F5;--gf-color-secondary-lighter: #FFFFFF;--gf-color-out-ctrl-light: rgba(17, 35, 55, 0.1);--gf-color-out-ctrl-light-rgb: 17, 35, 55;--gf-color-out-ctrl-light-darker: rgba(104, 110, 119, 0.35);--gf-color-out-ctrl-light-lighter: #F5F5F5;--gf-color-out-ctrl-dark: #585e6a;--gf-color-out-ctrl-dark-rgb: 88, 94, 106;--gf-color-out-ctrl-dark-darker: #112337;--gf-color-out-ctrl-dark-lighter: rgba(17, 35, 55, 0.65);--gf-color-in-ctrl: #fff;--gf-color-in-ctrl-rgb: 255, 255, 255;--gf-color-in-ctrl-contrast: #112337;--gf-color-in-ctrl-contrast-rgb: 17, 35, 55;--gf-color-in-ctrl-darker: #F5F5F5;--gf-color-in-ctrl-lighter: #FFFFFF;--gf-color-in-ctrl-primary: #204ce5;--gf-color-in-ctrl-primary-rgb: 32, 76, 229;--gf-color-in-ctrl-primary-contrast: #fff;--gf-color-in-ctrl-primary-contrast-rgb: 255, 255, 255;--gf-color-in-ctrl-primary-darker: #001AB3;--gf-color-in-ctrl-primary-lighter: #527EFF;--gf-color-in-ctrl-light: rgba(17, 35, 55, 0.1);--gf-color-in-ctrl-light-rgb: 17, 35, 55;--gf-color-in-ctrl-light-darker: rgba(104, 110, 119, 0.35);--gf-color-in-ctrl-light-lighter: #F5F5F5;--gf-color-in-ctrl-dark: #585e6a;--gf-color-in-ctrl-dark-rgb: 88, 94, 106;--gf-color-in-ctrl-dark-darker: #112337;--gf-color-in-ctrl-dark-lighter: rgba(17, 35, 55, 0.65);--gf-radius: 3px;--gf-font-size-secondary: 14px;--gf-font-size-tertiary: 13px;--gf-icon-ctrl-number: url(\"data:image\/svg+xml,%3Csvg width='8' height='14' viewBox='0 0 8 14' fill='none' xmlns='http:\/\/www.w3.org\/2000\/svg'%3E%3Cpath fill-rule='evenodd' clip-rule='evenodd' d='M4 0C4.26522 5.96046e-08 4.51957 0.105357 4.70711 0.292893L7.70711 3.29289C8.09763 3.68342 8.09763 4.31658 7.70711 4.70711C7.31658 5.09763 6.68342 5.09763 6.29289 4.70711L4 2.41421L1.70711 4.70711C1.31658 5.09763 0.683417 5.09763 0.292893 4.70711C-0.0976311 4.31658 -0.097631 3.68342 0.292893 3.29289L3.29289 0.292893C3.48043 0.105357 3.73478 0 4 0ZM0.292893 9.29289C0.683417 8.90237 1.31658 8.90237 1.70711 9.29289L4 11.5858L6.29289 9.29289C6.68342 8.90237 7.31658 8.90237 7.70711 9.29289C8.09763 9.68342 8.09763 10.3166 7.70711 10.7071L4.70711 13.7071C4.31658 14.0976 3.68342 14.0976 3.29289 13.7071L0.292893 10.7071C-0.0976311 10.3166 -0.0976311 9.68342 0.292893 9.29289Z' fill='rgba(17, 35, 55, 0.65)'\/%3E%3C\/svg%3E\");--gf-icon-ctrl-select: url(\"data:image\/svg+xml,%3Csvg width='10' height='6' viewBox='0 0 10 6' fill='none' xmlns='http:\/\/www.w3.org\/2000\/svg'%3E%3Cpath fill-rule='evenodd' clip-rule='evenodd' d='M0.292893 0.292893C0.683417 -0.097631 1.31658 -0.097631 1.70711 0.292893L5 3.58579L8.29289 0.292893C8.68342 -0.0976311 9.31658 -0.0976311 9.70711 0.292893C10.0976 0.683417 10.0976 1.31658 9.70711 1.70711L5.70711 5.70711C5.31658 6.09763 4.68342 6.09763 4.29289 5.70711L0.292893 1.70711C-0.0976311 1.31658 -0.0976311 0.683418 0.292893 0.292893Z' fill='rgba(17, 35, 55, 0.65)'\/%3E%3C\/svg%3E\");--gf-icon-ctrl-search: url(\"data:image\/svg+xml,%3Csvg version='1.1' xmlns='http:\/\/www.w3.org\/2000\/svg' width='640' height='640'%3E%3Cpath d='M256 128c-70.692 0-128 57.308-128 128 0 70.691 57.308 128 128 128 70.691 0 128-57.309 128-128 0-70.692-57.309-128-128-128zM64 256c0-106.039 85.961-192 192-192s192 85.961 192 192c0 41.466-13.146 79.863-35.498 111.248l154.125 154.125c12.496 12.496 12.496 32.758 0 45.254s-32.758 12.496-45.254 0L367.248 412.502C335.862 434.854 297.467 448 256 448c-106.039 0-192-85.962-192-192z' fill='rgba(17, 35, 55, 0.65)'\/%3E%3C\/svg%3E\");--gf-label-space-y-secondary: var(--gf-label-space-y-md-secondary);--gf-ctrl-border-color: #686e77;--gf-ctrl-size: var(--gf-ctrl-size-md);--gf-ctrl-label-color-primary: #112337;--gf-ctrl-label-color-secondary: #112337;--gf-ctrl-choice-size: var(--gf-ctrl-choice-size-md);--gf-ctrl-checkbox-check-size: var(--gf-ctrl-checkbox-check-size-md);--gf-ctrl-radio-check-size: var(--gf-ctrl-radio-check-size-md);--gf-ctrl-btn-font-size: var(--gf-ctrl-btn-font-size-md);--gf-ctrl-btn-padding-x: var(--gf-ctrl-btn-padding-x-md);--gf-ctrl-btn-size: var(--gf-ctrl-btn-size-md);--gf-ctrl-btn-border-color-secondary: #686e77;--gf-ctrl-file-btn-bg-color-hover: #EBEBEB;--gf-field-pg-steps-number-color: rgba(17, 35, 55, 0.8);}<\/style><form method='post' enctype='multipart\/form-data'  id='gform_1'  action='\/stockholm\/wp-json\/wp\/v2\/pages\/42' data-formid='1' novalidate>\n                        <div class='gform-body gform_body'><div id='gform_fields_1' class='gform_fields top_label form_sublabel_below description_below'><div id=\"field_1_1\" class=\"gfield gfield--type-phone gfield_contains_required field_sublabel_below gfield--no-description field_description_below gfield_visibility_visible\"  data-js-reload=\"field_1_1\" ><?xml encoding=\"utf-8\" ?><label class=\"gfield_label gform-field-label f-label\" for=\"input_1_1\">Mobilnummer<span class=\"gfield_required\"><span class=\"gfield_required gfield_required_text\">(Obligatoriskt)<\/span><\/span><\/label><div class=\"ginput_container ginput_container_phone\"><input name=\"input_1\" id=\"input_1_1\" type=\"tel\" value=\"\" class=\"large f-control\" aria-required=\"true\" aria-invalid=\"false\"><\/div>\n<\/div><fieldset id=\"field_1_3\" class=\"gfield gfield--type-consent gfield--type-choice gfield--width-full gfield_contains_required field_sublabel_below gfield--has-description field_description_below gfield_visibility_visible\"  data-js-reload=\"field_1_3\" ><?xml encoding=\"utf-8\" ?><legend class=\"gfield_label gform-field-label gfield_label_before_complex f-legend\">Samtycke<span class=\"gfield_required\"><span class=\"gfield_required gfield_required_text\">(Obligatoriskt)<\/span><\/span><\/legend><div class=\"ginput_container ginput_container_consent\"><input name=\"input_3.1\" id=\"input_1_3_1\" type=\"checkbox\" value=\"1\" aria-describedby=\"gfield_consent_description_1_3\" aria-required=\"true\" aria-invalid=\"false\" class=\"f-checkbox\"> <label class=\"gform-field-label gform-field-label--type-inline gfield_consent_label\" for=\"input_1_3_1\">Jag godk&auml;nner Pops Academys hantering av personuppgifter.<\/label><input type=\"hidden\" name=\"input_3.2\" value=\"Jag godk&auml;nner Pops Academys hantering av personuppgifter.\" class=\"gform_hidden f-control\"><input type=\"hidden\" name=\"input_3.3\" value=\"1\" class=\"gform_hidden f-control\"><\/div><div class=\"gfield_description gfield_consent_description f-help\" id=\"gfield_consent_description_1_3\"><a href=\"https:\/\/popsacademy.se\/hantering-av-personuppgifter\/\">L&auml;s mer om v&aring;r personuppgiftshantering h&auml;r.<\/a><\/div>\n<\/fieldset><\/div><\/div>\n        <div class='gform_footer top_label'> <input type=\"submit\" id=\"gform_submit_button_1\" class=\"gform_button button c-btn\" value=\"Skicka\" onclick='if(window[\"gf_submitting_1\"]){return false;}  if( !jQuery(\"#gform_1\")[0].checkValidity || jQuery(\"#gform_1\")[0].checkValidity()){window[\"gf_submitting_1\"]=true;}  ' onkeypress='if( event.keyCode == 13 ){ if(window[\"gf_submitting_1\"]){return false;} if( !jQuery(\"#gform_1\")[0].checkValidity || jQuery(\"#gform_1\")[0].checkValidity()){window[\"gf_submitting_1\"]=true;}  jQuery(\"#gform_1\").trigger(\"submit\",[true]); }' data-style=\"round\"> \n            <input type='hidden' class='gform_hidden' name='is_submit_1' value='1' \/>\n            <input type='hidden' class='gform_hidden' name='gform_submit' value='1' \/>\n            \n            <input type='hidden' class='gform_hidden' name='gform_unique_id' value='' \/>\n            <input type='hidden' class='gform_hidden' name='state_1' value='WyJ7XCIzLjFcIjpcImMwZjM5NGUwNjNhNWUyNDRjNzJkZmI5ZmVjZWU4MGZlXCIsXCIzLjJcIjpcIjgyZTkxZDFhZGYwYTU1ZTkzYTJiNjdjYzZmMzhjZWExXCIsXCIzLjNcIjpcImMwZjM5NGUwNjNhNWUyNDRjNzJkZmI5ZmVjZWU4MGZlXCJ9IiwiNGM5ZjRmMDU0NWYyNzQ4NGEzZGFiZGQ3NzY3NzQwYTYiXQ==' \/>\n            <input type='hidden' class='gform_hidden' name='gform_target_page_number_1' id='gform_target_page_number_1' value='0' \/>\n            <input type='hidden' class='gform_hidden' name='gform_source_page_number_1' id='gform_source_page_number_1' value='1' \/>\n            <input type='hidden' name='gform_field_values' value='' \/>\n            \n        <\/div>\n                        <\/form>\n                        <\/div><script type=\"text\/javascript\">\n\/* <![CDATA[ *\/\n gform.initializeOnLoaded( function() {gformInitSpinner( 1, 'https:\/\/popsacademy.se\/wp-content\/mu-plugins\/gravityforms\/images\/spinner.svg', false );jQuery('#gform_ajax_frame_1').on('load',function(){var contents = jQuery(this).contents().find('*').html();var is_postback = contents.indexOf('GF_AJAX_POSTBACK') >= 0;if(!is_postback){return;}var form_content = jQuery(this).contents().find('#gform_wrapper_1');var is_confirmation = jQuery(this).contents().find('#gform_confirmation_wrapper_1').length > 0;var is_redirect = contents.indexOf('gformRedirect(){') >= 0;var is_form = form_content.length > 0 && ! is_redirect && ! is_confirmation;var mt = parseInt(jQuery('html').css('margin-top'), 10) + parseInt(jQuery('body').css('margin-top'), 10) + 100;if(is_form){jQuery('#gform_wrapper_1').html(form_content.html());if(form_content.hasClass('gform_validation_error')){jQuery('#gform_wrapper_1').addClass('gform_validation_error');} else {jQuery('#gform_wrapper_1').removeClass('gform_validation_error');}setTimeout( function() { \/* delay the scroll by 50 milliseconds to fix a bug in chrome *\/  }, 50 );if(window['gformInitDatepicker']) {gformInitDatepicker();}if(window['gformInitPriceFields']) {gformInitPriceFields();}var current_page = jQuery('#gform_source_page_number_1').val();gformInitSpinner( 1, 'https:\/\/popsacademy.se\/wp-content\/mu-plugins\/gravityforms\/images\/spinner.svg', false );jQuery(document).trigger('gform_page_loaded', [1, current_page]);window['gf_submitting_1'] = false;}else if(!is_redirect){var confirmation_content = jQuery(this).contents().find('.GF_AJAX_POSTBACK').html();if(!confirmation_content){confirmation_content = contents;}setTimeout(function(){jQuery('#gform_wrapper_1').replaceWith(confirmation_content);jQuery(document).trigger('gform_confirmation_loaded', [1]);window['gf_submitting_1'] = false;wp.a11y.speak(jQuery('#gform_confirmation_message_1').text());}, 50);}else{jQuery('#gform_1').append(contents);if(window['gformRedirect']) {gformRedirect();}}jQuery(document).trigger('gform_post_render', [1, current_page]);gform.utils.trigger({ event: 'gform\/postRender', native: false, data: { formId: 1, currentPage: current_page } });} );} ); \n\/* ]]> *\/\n<\/script>\n\n\n\n\t\t\t<\/div>\n\n\t\t\n\n<\/section>\n<\/div>\n\n\n\n<div class=\"wp-block-column is-layout-flow wp-block-column-is-layout-flow\" style=\"flex-basis:15%\"><\/div>\n<\/div>\n\n\n\n\n<section  class=\"ams-cta ams-cta--stacked c-block l-stacked\" data-color-scheme=\"transparent-card-bakgrund-hover-artikelkort_standard\">\n\t<div class=\"l-container l-stack l-stack-fluid-2xl u-pt-fluid-md-xl u-pb-fluid-md-xl is-center is-center@md\">\n\t\t\t\t\t<div class=\"ams-cta__intro l-stack l-stack-lg\">\n\t\t\t\t\t\n\t<h2\n\tclass=\"c-heading u-font-title-1 \"\n\tstyle=\"\">\n\t\t\n\t\t\t\t\tHar du fr\u00e5gor om antagningsprocessen?\n\t\t\t\t\n\t<\/h2>\n\n\t\t\t\t\t\t\t<\/div>\n\t\t\n\t\t\n\t\t\t<div class=\"ams-cta__action u-inline-items\">\n\t\t\t\t\t\t\t\n\n\n<a href=\"https:\/\/popsacademy.se\/stockholm\/antagning\/\"\n\t\n\tclass=\"c-btn \"\n\tdata-style=\"round\"\n\tdata-size=\"md\"\n\tdata-width=\"full-mobile\"\n\tdata-variant=\"default\"\n\ttarget=\"_self\">\n\t\t\t<span class=\"label\"> Mer om antagningen<\/span>\n\t\t\t<\/a>\n\t\t\t<\/div>\n\t<\/div>\n\n\t\t\n\n<\/section>\n","protected":false},"excerpt":{"rendered":"<p>G\u00f6r ditt barn redo f\u00f6r livets scen \u2013 s\u00f6k till Pops Academy S\u00f6k till Pops Academy Stockholm Vad roligt att du \u00e4r intresserad av Pops Academy Stockholm! Vi ser fram emot att uppmuntra, utveckla och utmana alla nya elever och g\u00f6ra dem redo f\u00f6r livets scen. Nedanf\u00f6r hittar du l\u00e4nken till v\u00e5rt ans\u00f6kningsformul\u00e4r. Klicka&nbsp;h\u00e4r&nbsp;f\u00f6r att&#8230;<\/p>\n","protected":false},"author":1,"featured_media":0,"parent":0,"menu_order":0,"comment_status":"closed","ping_status":"closed","template":"","meta":{"footnotes":""},"yoast_head":"<!-- This site is optimized with the Yoast SEO plugin v22.0 - https:\/\/yoast.com\/wordpress\/plugins\/seo\/ -->\n<title>Ans\u00f6kan | Pops Academy Stockholm<\/title>\n<meta name=\"description\" content=\"Vad roligt att du \u00e4r intresserad av oss! Vi ser fram emot att uppmuntra och utmana alla nya elever och g\u00f6ra dem redo f\u00f6r livets scen.\" \/>\n<meta name=\"robots\" content=\"index, follow, max-snippet:-1, max-image-preview:large, max-video-preview:-1\" \/>\n<link rel=\"canonical\" href=\"https:\/\/popsacademy.se\/stockholm\/ansokan\/\" \/>\n<meta property=\"og:locale\" content=\"sv_SE\" \/>\n<meta property=\"og:type\" content=\"article\" \/>\n<meta property=\"og:title\" content=\"Ans\u00f6kan | Pops Academy Stockholm\" \/>\n<meta property=\"og:description\" content=\"Vad roligt att du \u00e4r intresserad av oss! Vi ser fram emot att uppmuntra och utmana alla nya elever och g\u00f6ra dem redo f\u00f6r livets scen.\" \/>\n<meta property=\"og:url\" content=\"https:\/\/popsacademy.se\/stockholm\/ansokan\/\" \/>\n<meta property=\"og:site_name\" content=\"Stockholm\" \/>\n<meta property=\"article:modified_time\" content=\"2025-10-22T07:51:44+00:00\" \/>\n<meta name=\"twitter:card\" content=\"summary_large_image\" \/>\n<meta name=\"twitter:title\" content=\"Ans\u00f6kan | Pops Academy Stockholm\" \/>\n<meta name=\"twitter:description\" content=\"Vad roligt att du \u00e4r intresserad av oss! Vi ser fram emot att uppmuntra och utmana alla nya elever och g\u00f6ra dem redo f\u00f6r livets scen.\" \/>\n<meta name=\"twitter:label1\" content=\"Ber\u00e4knad l\u00e4stid\" \/>\n\t<meta name=\"twitter:data1\" content=\"1 minut\" \/>\n<script type=\"application\/ld+json\" class=\"yoast-schema-graph\">{\"@context\":\"https:\/\/schema.org\",\"@graph\":[{\"@type\":\"WebPage\",\"@id\":\"https:\/\/popsacademy.se\/stockholm\/ansokan\/\",\"url\":\"https:\/\/popsacademy.se\/stockholm\/ansokan\/\",\"name\":\"Ans\u00f6kan | Pops Academy Stockholm\",\"isPartOf\":{\"@id\":\"https:\/\/popsacademy.se\/stockholm\/#website\"},\"datePublished\":\"2020-09-23T09:35:28+00:00\",\"dateModified\":\"2025-10-22T07:51:44+00:00\",\"description\":\"Vad roligt att du \u00e4r intresserad av oss! Vi ser fram emot att uppmuntra och utmana alla nya elever och g\u00f6ra dem redo f\u00f6r livets scen.\",\"breadcrumb\":{\"@id\":\"https:\/\/popsacademy.se\/stockholm\/ansokan\/#breadcrumb\"},\"inLanguage\":\"sv-SE\",\"potentialAction\":[{\"@type\":\"ReadAction\",\"target\":[\"https:\/\/popsacademy.se\/stockholm\/ansokan\/\"]}]},{\"@type\":\"BreadcrumbList\",\"@id\":\"https:\/\/popsacademy.se\/stockholm\/ansokan\/#breadcrumb\",\"itemListElement\":[{\"@type\":\"ListItem\",\"position\":1,\"name\":\"Start\",\"item\":\"https:\/\/popsacademy.se\/stockholm\/\"},{\"@type\":\"ListItem\",\"position\":2,\"name\":\"Ans\u00f6kan\"}]},{\"@type\":\"WebSite\",\"@id\":\"https:\/\/popsacademy.se\/stockholm\/#website\",\"url\":\"https:\/\/popsacademy.se\/stockholm\/\",\"name\":\"Stockholm\",\"description\":\"Kreativ verksamhet med akademisk kvalitet\",\"potentialAction\":[{\"@type\":\"SearchAction\",\"target\":{\"@type\":\"EntryPoint\",\"urlTemplate\":\"https:\/\/popsacademy.se\/stockholm\/?s={search_term_string}\"},\"query-input\":\"required name=search_term_string\"}],\"inLanguage\":\"sv-SE\"}]}<\/script>\n<!-- \/ Yoast SEO plugin. -->","yoast_head_json":{"title":"Ans\u00f6kan | Pops Academy Stockholm","description":"Vad roligt att du \u00e4r intresserad av oss! Vi ser fram emot att uppmuntra och utmana alla nya elever och g\u00f6ra dem redo f\u00f6r livets scen.","robots":{"index":"index","follow":"follow","max-snippet":"max-snippet:-1","max-image-preview":"max-image-preview:large","max-video-preview":"max-video-preview:-1"},"canonical":"https:\/\/popsacademy.se\/stockholm\/ansokan\/","og_locale":"sv_SE","og_type":"article","og_title":"Ans\u00f6kan | Pops Academy Stockholm","og_description":"Vad roligt att du \u00e4r intresserad av oss! Vi ser fram emot att uppmuntra och utmana alla nya elever och g\u00f6ra dem redo f\u00f6r livets scen.","og_url":"https:\/\/popsacademy.se\/stockholm\/ansokan\/","og_site_name":"Stockholm","article_modified_time":"2025-10-22T07:51:44+00:00","twitter_card":"summary_large_image","twitter_title":"Ans\u00f6kan | Pops Academy Stockholm","twitter_description":"Vad roligt att du \u00e4r intresserad av oss! Vi ser fram emot att uppmuntra och utmana alla nya elever och g\u00f6ra dem redo f\u00f6r livets scen.","twitter_misc":{"Ber\u00e4knad l\u00e4stid":"1 minut"},"schema":{"@context":"https:\/\/schema.org","@graph":[{"@type":"WebPage","@id":"https:\/\/popsacademy.se\/stockholm\/ansokan\/","url":"https:\/\/popsacademy.se\/stockholm\/ansokan\/","name":"Ans\u00f6kan | Pops Academy Stockholm","isPartOf":{"@id":"https:\/\/popsacademy.se\/stockholm\/#website"},"datePublished":"2020-09-23T09:35:28+00:00","dateModified":"2025-10-22T07:51:44+00:00","description":"Vad roligt att du \u00e4r intresserad av oss! Vi ser fram emot att uppmuntra och utmana alla nya elever och g\u00f6ra dem redo f\u00f6r livets scen.","breadcrumb":{"@id":"https:\/\/popsacademy.se\/stockholm\/ansokan\/#breadcrumb"},"inLanguage":"sv-SE","potentialAction":[{"@type":"ReadAction","target":["https:\/\/popsacademy.se\/stockholm\/ansokan\/"]}]},{"@type":"BreadcrumbList","@id":"https:\/\/popsacademy.se\/stockholm\/ansokan\/#breadcrumb","itemListElement":[{"@type":"ListItem","position":1,"name":"Start","item":"https:\/\/popsacademy.se\/stockholm\/"},{"@type":"ListItem","position":2,"name":"Ans\u00f6kan"}]},{"@type":"WebSite","@id":"https:\/\/popsacademy.se\/stockholm\/#website","url":"https:\/\/popsacademy.se\/stockholm\/","name":"Stockholm","description":"Kreativ verksamhet med akademisk kvalitet","potentialAction":[{"@type":"SearchAction","target":{"@type":"EntryPoint","urlTemplate":"https:\/\/popsacademy.se\/stockholm\/?s={search_term_string}"},"query-input":"required name=search_term_string"}],"inLanguage":"sv-SE"}]}},"_links":{"self":[{"href":"https:\/\/popsacademy.se\/stockholm\/wp-json\/wp\/v2\/pages\/42"}],"collection":[{"href":"https:\/\/popsacademy.se\/stockholm\/wp-json\/wp\/v2\/pages"}],"about":[{"href":"https:\/\/popsacademy.se\/stockholm\/wp-json\/wp\/v2\/types\/page"}],"author":[{"embeddable":true,"href":"https:\/\/popsacademy.se\/stockholm\/wp-json\/wp\/v2\/users\/1"}],"replies":[{"embeddable":true,"href":"https:\/\/popsacademy.se\/stockholm\/wp-json\/wp\/v2\/comments?post=42"}],"version-history":[{"count":10,"href":"https:\/\/popsacademy.se\/stockholm\/wp-json\/wp\/v2\/pages\/42\/revisions"}],"predecessor-version":[{"id":1769,"href":"https:\/\/popsacademy.se\/stockholm\/wp-json\/wp\/v2\/pages\/42\/revisions\/1769"}],"wp:attachment":[{"href":"https:\/\/popsacademy.se\/stockholm\/wp-json\/wp\/v2\/media?parent=42"}],"curies":[{"name":"wp","href":"https:\/\/api.w.org\/{rel}","templated":true}]}}