{"id":1810,"date":"2025-12-04T08:36:13","date_gmt":"2025-12-04T07:36:13","guid":{"rendered":"https:\/\/popsacademy.se\/stockholm\/?page_id=1810"},"modified":"2026-02-09T13:37:06","modified_gmt":"2026-02-09T12:37:06","slug":"musikprofil","status":"publish","type":"page","link":"https:\/\/popsacademy.se\/stockholm\/musikprofil\/","title":{"rendered":"Musikprofil"},"content":{"rendered":"\n\t\n\t\n\t\n\n\t\n\t\n\t\t\n<section  class=\"c-block l-stacked  \" data-color-scheme=\"\">\n\t<div class=\"ams-fifty ams-fifty--container ams-fifty--right ams-fifty--bottom l-container u-pt-fluid-2xl-4xl u-pb-fluid-Ingen\">\n\t\t<div class=\"ams-fifty__content l-stack l-stack-xl is-left is-left@lg\">\n\t\t\t<div class=\"ams-fifty__text l-stack l-stack-lg\">\n\t\t\t\t\t\n\t<h1\n\tclass=\"c-heading u-font-title-1 \"\n\tstyle=\"\">\n\t\t\n\t\t\t\t\t\t\t\t\tMusikprofil\n\t\t\t\t<span class=\"c-heading__sub is-below u-font-title-3\">\n\t\t\t\t\tPops Academy Stockholm \u00e4r en grundskola med musikprofil f\u00f6r \u00e5rskurs 4\u20139, d\u00e4r varje skoldag genomsyras av musik, kreativitet och akademisk kvalitet.\n\t\t\t\t<\/span>\n\t\t\t\t\t\t\t\n\t<\/h1>\n\n\t\t\t\t\t\t\t\t\t<div class=\"text l-stack u-font-body\">\n\t\t\t\t\t\t<p><!-- wp:heading --><\/p>\n<h2 class=\"gmail-p2\"><b>V\u00e5r Musikprofil<\/b><\/h2>\n<p class=\"gmail-p2\">Hos oss f\u00e5r eleverna m\u00f6jlighet att v\u00e4xa \u2013 b\u00e5de kunskapsm\u00e4ssigt och personligt \u2013 i en trygg och inspirerande skolmilj\u00f6. Med musiken som kraft skapar vi gemenskap, lust att l\u00e4ra och f\u00f6rbereder v\u00e5ra elever f\u00f6r livets scen.<\/p>\n<p class=\"gmail-p2\">Vi har valt att dela upp v\u00e5r musikundervisning i tre \u00e4mnen:<span class=\"gmail-Apple-converted-space\">\u00a0<\/span><\/p>\n<ul>\n<li><b>Ensemble &#8211; V\u00e5rt huvudfokus inom musikprofilen!<span class=\"gmail-Apple-converted-space\">\u00a0 <\/span><\/b><br \/>\nH\u00e4r f\u00e5r alla elever l\u00e4ra sig spela trummor, bas, gitarr, piano och att sjunga genom att spela i band. Varje termin jobbar vi mot v\u00e5ra fina terminskonserter med olika teman.<i><\/p>\n<p><\/i><\/li>\n<li><b>K\u00f6r<\/b> &#8211; Tv\u00e5 klasser sjunger tillsammans med huvudfokus Pop-k\u00f6r men \u00e4ven klassiska stycken letar sig in i v\u00e5r repertoar. I k\u00f6ren jobbar vi mot v\u00e5ra omtyckta alls\u00e5nger samt mot v\u00e5ra mycket st\u00e4mningsfulla terminsavslutningar.<br \/>\n<i><\/p>\n<p><\/i><\/li>\n<li><b>Musik<\/b> &#8211; H\u00e4r jobbar vi med t.ex. musikhistoria, musikteori, rytmik, skapar musik och allt annat kul!<\/li>\n<\/ul>\n<p>&nbsp;<\/p>\n<p><br style=\"font-weight: 400;\" \/><br style=\"font-weight: 400;\" \/><!-- \/wp:paragraph --><\/p>\n\n\t\t\t\t\t<\/div>\n\t\t\t\t\t\t\t<\/div>\n\n\t\t\t\t\t<\/div>\n\n\t\t <div class=\"ams-fifty__media u-ratio-square\">\n\t\t \t\t\t\t\t<img decoding=\"async\" width=\"600\" height=\"400\" src=\"https:\/\/popsacademy.se\/wp-content\/uploads\/sites\/6\/2025\/12\/popsacademyfoto2022kor02-600x400.jpg\" class=\"attachment-md size-md\" alt=\"Elev spelar piano med en k\u00f6r som sjunger bakom sig.\" sizes=\"(min-width: 64em) 600px, calc(100vw - 160px)\" srcset=\"https:\/\/popsacademy.se\/wp-content\/uploads\/sites\/6\/2025\/12\/popsacademyfoto2022kor02-600x400.jpg 600w, https:\/\/popsacademy.se\/wp-content\/uploads\/sites\/6\/2025\/12\/popsacademyfoto2022kor02-300x200.jpg 300w, https:\/\/popsacademy.se\/wp-content\/uploads\/sites\/6\/2025\/12\/popsacademyfoto2022kor02-400x267.jpg 400w, https:\/\/popsacademy.se\/wp-content\/uploads\/sites\/6\/2025\/12\/popsacademyfoto2022kor02-800x533.jpg 800w, https:\/\/popsacademy.se\/wp-content\/uploads\/sites\/6\/2025\/12\/popsacademyfoto2022kor02-1024x683.jpg 1024w, https:\/\/popsacademy.se\/wp-content\/uploads\/sites\/6\/2025\/12\/popsacademyfoto2022kor02-1200x800.jpg 1200w, https:\/\/popsacademy.se\/wp-content\/uploads\/sites\/6\/2025\/12\/popsacademyfoto2022kor02.jpg 2048w\" \/>\n\t\t\t\n\t\t\t\n\t\t\t\t\t<\/div>\n\t<\/div>\n\n\t\t\n\n<\/section>\n\n\n\n\n<section  class=\"ams-usp c-block l-stacked\">\n\t<div class=\"l-container-narrow l-stack l-stack-fluid-2xl u-pt-fluid-Ingen u-pb-fluid-Ingen is-center is-center@md\">\n\t\t\t\t\t<div class=\"ams-usp__intro l-stack l-stack-lg\">\n\t\t\t\t\t\n\t<h2\n\tclass=\"c-heading u-font-title-1 \"\n\tstyle=\"\">\n\t\t\n\t\t\t\t\tVill du se vad vi gjort genom \u00e5ren? \n\t\t\t\t\n\t<\/h2>\n\n\t\t\t\t\t\t\t\t\t<div class=\"c-text l-stack u-cs-xl u-font-body\">\n\t\t\t\t\t\t<h3>F\u00f6lj v\u00e5r youtubekanal <a href=\"https:\/\/www.youtube.com\/@PopsAcademyStockholm\">Pops Academy Stockholm<\/a><\/h3>\n\n\t\t\t\t\t<\/div>\n\t\t\t\t\t\t\t<\/div>\n\t\t\n\t\t\t<ul class=\"ams-usp__list l-grid u-justify-center u-gap-fluid-2xl-4xl\">\n\t\t\t<\/ul>\n\n\t\t\t<\/div>\n\n\t\t\n\n<\/section>\n\n\n\n\n<section  class=\"ams-cta ams-cta--stacked c-block l-stacked\" data-color-scheme=\"hero\">\n\t<div class=\"l-container l-stack l-stack-fluid-2xl u-pt-fluid-2xl-4xl u-pb-fluid-2xl-4xl is-center is-center@md\">\n\t\t\t\t\t<div class=\"ams-cta__intro l-stack l-stack-lg\">\n\t\t\t\t\t\n\t<h2\n\tclass=\"c-heading u-font-title-1 \"\n\tstyle=\"\">\n\t\t\n\t\t\t\t\t\u00c4r du intresserad av v\u00e5r skola?\n\t\t\t\t\n\t<\/h2>\n\n\t\t\t\t\t\t\t\t\t<div class=\"c-text l-stack u-cs-xl u-font-body\">\n\t\t\t\t\t\t<p>G\u00f6r en k\u00f6anm\u00e4lan till Pops Academy Stockholm eller kontakta oss ifall du vill ha hj\u00e4lp eller har fr\u00e5gor.<\/p>\n\n\t\t\t\t\t<\/div>\n\t\t\t\t\t\t\t<\/div>\n\t\t\n\t\t\n\t\t\t<div class=\"ams-cta__action u-inline-items\">\n\t\t\t\t\t\t\t\n\n\n<a href=\"https:\/\/popsacademy.se\/stockholm\/ansokan\/\"\n\t\n\tclass=\"c-btn \"\n\tdata-style=\"round\"\n\tdata-size=\"md\"\n\tdata-width=\"full-mobile\"\n\tdata-variant=\"default\"\n\ttarget=\"_self\">\n\t\t\t<span class=\"label\"> Till k\u00f6anm\u00e4lan<\/span>\n\t\t\t<\/a>\n\t\t\t<\/div>\n\t<\/div>\n\n\t\t\n\n<\/section>\n\n\n<div   id=\"page-relative-menu\" class=\"site__font-monospace   container_width--full_width_conIcon   d-lg-none  \">\n\n\t\t\t\n<\/div>\n","protected":false},"excerpt":{"rendered":"","protected":false},"author":14,"featured_media":0,"parent":0,"menu_order":0,"comment_status":"closed","ping_status":"closed","template":"","meta":{"footnotes":""},"yoast_head":"<!-- This site is optimized with the Yoast SEO plugin v22.0 - https:\/\/yoast.com\/wordpress\/plugins\/seo\/ -->\n<title>Grundskola med musikprofil | Pops Academy Stockholm<\/title>\n<meta name=\"description\" content=\"Pops Academy Stockholm \u00e4r en grundskola med musikprofil d\u00e4r varje skoldag genomsyras av musik, kreativitet och akademisk kvalitet.\" \/>\n<meta name=\"robots\" content=\"index, follow, max-snippet:-1, max-image-preview:large, max-video-preview:-1\" \/>\n<link rel=\"canonical\" href=\"https:\/\/popsacademy.se\/stockholm\/musikprofil\/\" \/>\n<meta property=\"og:locale\" content=\"sv_SE\" \/>\n<meta property=\"og:type\" content=\"article\" \/>\n<meta property=\"og:title\" content=\"Grundskola med musikprofil | Pops Academy Stockholm\" \/>\n<meta property=\"og:description\" content=\"Pops Academy Stockholm \u00e4r en grundskola med musikprofil d\u00e4r varje skoldag genomsyras av musik, kreativitet och akademisk kvalitet.\" \/>\n<meta property=\"og:url\" content=\"https:\/\/popsacademy.se\/stockholm\/musikprofil\/\" \/>\n<meta property=\"og:site_name\" content=\"Stockholm\" \/>\n<meta property=\"article:modified_time\" content=\"2026-02-09T12:37:06+00:00\" \/>\n<meta name=\"twitter:card\" content=\"summary_large_image\" \/>\n<meta name=\"twitter:title\" content=\"Grundskola med musikprofil | Pops Academy Stockholm\" \/>\n<meta name=\"twitter:description\" content=\"Pops Academy Stockholm \u00e4r en grundskola med musikprofil d\u00e4r varje skoldag genomsyras av musik, kreativitet och akademisk kvalitet.\" \/>\n<meta name=\"twitter:label1\" content=\"Ber\u00e4knad l\u00e4stid\" \/>\n\t<meta name=\"twitter:data1\" content=\"1 minut\" \/>\n<script type=\"application\/ld+json\" class=\"yoast-schema-graph\">{\"@context\":\"https:\/\/schema.org\",\"@graph\":[{\"@type\":\"WebPage\",\"@id\":\"https:\/\/popsacademy.se\/stockholm\/musikprofil\/\",\"url\":\"https:\/\/popsacademy.se\/stockholm\/musikprofil\/\",\"name\":\"Grundskola med musikprofil | Pops Academy Stockholm\",\"isPartOf\":{\"@id\":\"https:\/\/popsacademy.se\/stockholm\/#website\"},\"datePublished\":\"2025-12-04T07:36:13+00:00\",\"dateModified\":\"2026-02-09T12:37:06+00:00\",\"description\":\"Pops Academy Stockholm \u00e4r en grundskola med musikprofil d\u00e4r varje skoldag genomsyras av musik, kreativitet och akademisk kvalitet.\",\"breadcrumb\":{\"@id\":\"https:\/\/popsacademy.se\/stockholm\/musikprofil\/#breadcrumb\"},\"inLanguage\":\"sv-SE\",\"potentialAction\":[{\"@type\":\"ReadAction\",\"target\":[\"https:\/\/popsacademy.se\/stockholm\/musikprofil\/\"]}]},{\"@type\":\"BreadcrumbList\",\"@id\":\"https:\/\/popsacademy.se\/stockholm\/musikprofil\/#breadcrumb\",\"itemListElement\":[{\"@type\":\"ListItem\",\"position\":1,\"name\":\"Start\",\"item\":\"https:\/\/popsacademy.se\/stockholm\/\"},{\"@type\":\"ListItem\",\"position\":2,\"name\":\"Musikprofil\"}]},{\"@type\":\"WebSite\",\"@id\":\"https:\/\/popsacademy.se\/stockholm\/#website\",\"url\":\"https:\/\/popsacademy.se\/stockholm\/\",\"name\":\"Stockholm\",\"description\":\"Kreativ verksamhet med akademisk kvalitet\",\"potentialAction\":[{\"@type\":\"SearchAction\",\"target\":{\"@type\":\"EntryPoint\",\"urlTemplate\":\"https:\/\/popsacademy.se\/stockholm\/?s={search_term_string}\"},\"query-input\":\"required name=search_term_string\"}],\"inLanguage\":\"sv-SE\"}]}<\/script>\n<!-- \/ Yoast SEO plugin. -->","yoast_head_json":{"title":"Grundskola med musikprofil | Pops Academy Stockholm","description":"Pops Academy Stockholm \u00e4r en grundskola med musikprofil d\u00e4r varje skoldag genomsyras av musik, kreativitet och akademisk kvalitet.","robots":{"index":"index","follow":"follow","max-snippet":"max-snippet:-1","max-image-preview":"max-image-preview:large","max-video-preview":"max-video-preview:-1"},"canonical":"https:\/\/popsacademy.se\/stockholm\/musikprofil\/","og_locale":"sv_SE","og_type":"article","og_title":"Grundskola med musikprofil | Pops Academy Stockholm","og_description":"Pops Academy Stockholm \u00e4r en grundskola med musikprofil d\u00e4r varje skoldag genomsyras av musik, kreativitet och akademisk kvalitet.","og_url":"https:\/\/popsacademy.se\/stockholm\/musikprofil\/","og_site_name":"Stockholm","article_modified_time":"2026-02-09T12:37:06+00:00","twitter_card":"summary_large_image","twitter_title":"Grundskola med musikprofil | Pops Academy Stockholm","twitter_description":"Pops Academy Stockholm \u00e4r en grundskola med musikprofil d\u00e4r varje skoldag genomsyras av musik, kreativitet och akademisk kvalitet.","twitter_misc":{"Ber\u00e4knad l\u00e4stid":"1 minut"},"schema":{"@context":"https:\/\/schema.org","@graph":[{"@type":"WebPage","@id":"https:\/\/popsacademy.se\/stockholm\/musikprofil\/","url":"https:\/\/popsacademy.se\/stockholm\/musikprofil\/","name":"Grundskola med musikprofil | Pops Academy Stockholm","isPartOf":{"@id":"https:\/\/popsacademy.se\/stockholm\/#website"},"datePublished":"2025-12-04T07:36:13+00:00","dateModified":"2026-02-09T12:37:06+00:00","description":"Pops Academy Stockholm \u00e4r en grundskola med musikprofil d\u00e4r varje skoldag genomsyras av musik, kreativitet och akademisk kvalitet.","breadcrumb":{"@id":"https:\/\/popsacademy.se\/stockholm\/musikprofil\/#breadcrumb"},"inLanguage":"sv-SE","potentialAction":[{"@type":"ReadAction","target":["https:\/\/popsacademy.se\/stockholm\/musikprofil\/"]}]},{"@type":"BreadcrumbList","@id":"https:\/\/popsacademy.se\/stockholm\/musikprofil\/#breadcrumb","itemListElement":[{"@type":"ListItem","position":1,"name":"Start","item":"https:\/\/popsacademy.se\/stockholm\/"},{"@type":"ListItem","position":2,"name":"Musikprofil"}]},{"@type":"WebSite","@id":"https:\/\/popsacademy.se\/stockholm\/#website","url":"https:\/\/popsacademy.se\/stockholm\/","name":"Stockholm","description":"Kreativ verksamhet med akademisk kvalitet","potentialAction":[{"@type":"SearchAction","target":{"@type":"EntryPoint","urlTemplate":"https:\/\/popsacademy.se\/stockholm\/?s={search_term_string}"},"query-input":"required name=search_term_string"}],"inLanguage":"sv-SE"}]}},"_links":{"self":[{"href":"https:\/\/popsacademy.se\/stockholm\/wp-json\/wp\/v2\/pages\/1810"}],"collection":[{"href":"https:\/\/popsacademy.se\/stockholm\/wp-json\/wp\/v2\/pages"}],"about":[{"href":"https:\/\/popsacademy.se\/stockholm\/wp-json\/wp\/v2\/types\/page"}],"author":[{"embeddable":true,"href":"https:\/\/popsacademy.se\/stockholm\/wp-json\/wp\/v2\/users\/14"}],"replies":[{"embeddable":true,"href":"https:\/\/popsacademy.se\/stockholm\/wp-json\/wp\/v2\/comments?post=1810"}],"version-history":[{"count":9,"href":"https:\/\/popsacademy.se\/stockholm\/wp-json\/wp\/v2\/pages\/1810\/revisions"}],"predecessor-version":[{"id":2093,"href":"https:\/\/popsacademy.se\/stockholm\/wp-json\/wp\/v2\/pages\/1810\/revisions\/2093"}],"wp:attachment":[{"href":"https:\/\/popsacademy.se\/stockholm\/wp-json\/wp\/v2\/media?parent=1810"}],"curies":[{"name":"wp","href":"https:\/\/api.w.org\/{rel}","templated":true}]}}