{"id":20,"date":"2020-09-23T09:19:38","date_gmt":"2020-09-23T09:19:38","guid":{"rendered":"https:\/\/popsacademy.se\/orebro\/?page_id=20"},"modified":"2025-10-21T14:33:55","modified_gmt":"2025-10-21T13:33:55","slug":"skolmat","status":"publish","type":"page","link":"https:\/\/popsacademy.se\/karljohan\/om\/skolmat\/","title":{"rendered":"V\u00e5r mat"},"content":{"rendered":"\n<div class=\"wp-block-columns is-layout-flex wp-container-core-columns-layout-1 wp-block-columns-is-layout-flex\">\n<div class=\"wp-block-column is-layout-flow wp-block-column-is-layout-flow\" style=\"flex-basis:66.66%\">\n<h1 class=\"wp-block-heading\">Skolmat p\u00e5 Pops Academy Karl Johan<\/h1>\n\n\n\n<h2 class=\"wp-block-heading\">Vi serverar god och n\u00e4ringsriktig lunch som lagas i v\u00e5rt eget k\u00f6k.<\/h2>\n\n\n\n<p>Skolmaten \u00e4r viktig f\u00f6r att eleverna ska orka och vilja l\u00e4ra. V\u00e5rt k\u00f6k lagar och serverar ungef\u00e4r 700 portioner varje dag. Vi serverar en varmr\u00e4tt, ett vegetariskt alternativ, specialkost och ett stort utbud i v\u00e5r salladsbuff\u00e9. <\/p>\n\n\n\n<div class=\"module_wrapper ams_single_button_module cpt-60 cpb-30\" >\n\t<div class=\"container\">\n\t\t<div class=\"row\">\n\t\t\t<div class=\"col-12\">\n\t\t\t\t\n\t\t\t\t\t<div class=\"text-left\">\n\t\t\t\t\t\t\t\t\t\t\t\t\t\t\t\t\t\t\t<!-- Please don't convert it to button from <a>. If we use javascript linking, it is not\n\t\t\t\t\t\ttracking correctly in Google Analytic. -->\n\t\t\t\t\t\t\t<a tabindex=\"0.01\"\n\t\t\t\t\t\t\t   id=\"69e85845d8c18\"\n\t\t\t\t\t\t\t   href=\"https:\/\/skolmaten.se\/karl-johans-skola\"\n\t\t\t\t\t\t\t   target=\"\"\n\t\t\t\t\t\t\t   class=\"btn text-center ams_active_button_state_default site__buttons-1 pt-2  btn-outline btn_outline__text-color_dark rounded-corners-btn-shape  \"\n\t\t\t\t\t\t\t   title=\"MATSEDEL\"\n\t\t\t\t\t\t\t   role=\"button\">\n\t\t\t\t\t\t\t\tMATSEDEL\t\t\t\t\t\t\t<\/a>\n\n\t\t\t\t\t\t\t\t\t\t\t<\/div>\n\n\t\t\t\t\t\t\t<\/div>\n\t\t<\/div>\n\t<\/div>\n<\/div>\n\n\n\n<p><img decoding=\"async\" class=\"wp-image-716\" style=\"width: 150px;\" src=\"https:\/\/vittra.se\/wp-content\/uploads\/sites\/23\/2021\/09\/eu-logo-skolmjolk.jpeg\" alt=\"Skolmaten vi serverar finansieras delvis av Europeiska garantifonden f\u00f6r jordbruket.\"><\/p>\n<\/div>\n\n\n\n<div class=\"wp-block-column is-layout-flow wp-block-column-is-layout-flow\" style=\"flex-basis:33.33%\"><\/div>\n<\/div>\n\n\n\t<div\n\t\t class=\"container images-module\" >\n\t\t<div class=\"row\">\n\t\t\t<div\n\t\t\t\t\tclass=\"col-12 p-0 position-relative images_module__slideshow images_module__slideshow-container \">\n\t\t\t\t<div class=\"images_module__slide\" data-slide=\"\"\n\t\t\t\t\t data-duration=\"\"><\/div>\n\t\t\t\t\t\t\t\t\t<div\n\t\t\t\t\t\t class=\"images_module__slides \">\n\n\n\t\t\t\t\t\t<div class=\"images__wrapper\" style=\"aspect-ratio: 1200 \/ 531;\">\n\t\t\t\t\t\t\t<img decoding=\"async\" width=\"2048\" height=\"1366\" src=\"https:\/\/popsacademy.se\/wp-content\/uploads\/sites\/8\/2023\/04\/pops-academy-musik-kreativitet-akademisk-kvalitet-orebro-202204-22.jpg\" class=\"images__image_ratio  \" alt=\"Tre elever p\u00e5 Pops Academy st\u00e5r tillsammans i matsalen och ska \u00e4ta.\" style=\"aspect-ratio: 1200 \/ 531;object-position: center center;\" srcset=\"https:\/\/popsacademy.se\/wp-content\/uploads\/sites\/8\/2023\/04\/pops-academy-musik-kreativitet-akademisk-kvalitet-orebro-202204-22.jpg 2048w, https:\/\/popsacademy.se\/wp-content\/uploads\/sites\/8\/2023\/04\/pops-academy-musik-kreativitet-akademisk-kvalitet-orebro-202204-22-300x200.jpg 300w, https:\/\/popsacademy.se\/wp-content\/uploads\/sites\/8\/2023\/04\/pops-academy-musik-kreativitet-akademisk-kvalitet-orebro-202204-22-400x267.jpg 400w, https:\/\/popsacademy.se\/wp-content\/uploads\/sites\/8\/2023\/04\/pops-academy-musik-kreativitet-akademisk-kvalitet-orebro-202204-22-600x400.jpg 600w, https:\/\/popsacademy.se\/wp-content\/uploads\/sites\/8\/2023\/04\/pops-academy-musik-kreativitet-akademisk-kvalitet-orebro-202204-22-800x534.jpg 800w, https:\/\/popsacademy.se\/wp-content\/uploads\/sites\/8\/2023\/04\/pops-academy-musik-kreativitet-akademisk-kvalitet-orebro-202204-22-1024x683.jpg 1024w, https:\/\/popsacademy.se\/wp-content\/uploads\/sites\/8\/2023\/04\/pops-academy-musik-kreativitet-akademisk-kvalitet-orebro-202204-22-1200x800.jpg 1200w\" sizes=\"(max-width: 2048px) 100vw, 2048px\" \/>\t\t\t\t\t\t<\/div>\n\n\t\t\t\t\t\t\n\n\t\t\t\t\t\t\t\t\t\t\t<\/div>\n\t\t\t\t\n\t\t\t\t<div class=\"images_module__container_dot\">\n\t\t\t\t\t<div style=\"text-align:center\">\n\t\t\t\t\t\t\t\t\t\t\t\t\t<span   data-i=\"0\"\n\t\t\t\t\t\t\t\t  class=\"\n\t\t\t\t\t\t\timages_module__dot\n\t\t\t\t\t\t\t\t\t\t\t\t\t\t\"\n\t\t\t\t\t\t\t><\/span>\n\t\t\t\t\t\t\t\t\t\t\t<\/div>\n\t\t\t\t<\/div>\n\n\t\t\t<\/div>\n\t\t<\/div>\n\t<\/div>\n\t\n\n\n<script>\n\tvar images_display_descriptive_text = \"\";\n<\/script>\n\n\n<div   id=\"page-relative-menu\" class=\"site__font-monospace   container_width--full_width_conIcon   d-lg-none  \">\n\n\t\t\t\n<\/div>\n","protected":false},"excerpt":{"rendered":"<p>Skolmat p\u00e5 Pops Academy Karl Johan Vi serverar god och n\u00e4ringsriktig lunch som lagas i v\u00e5rt eget k\u00f6k. Skolmaten \u00e4r viktig f\u00f6r att eleverna ska orka och vilja l\u00e4ra. V\u00e5rt k\u00f6k lagar och serverar ungef\u00e4r 700 portioner varje dag. Vi serverar en varmr\u00e4tt, ett vegetariskt alternativ, specialkost och ett stort utbud i v\u00e5r salladsbuff\u00e9.<\/p>\n","protected":false},"author":3,"featured_media":0,"parent":8,"menu_order":0,"comment_status":"closed","ping_status":"closed","template":"","meta":{"footnotes":""},"yoast_head":"<!-- This site is optimized with the Yoast SEO plugin v22.0 - https:\/\/yoast.com\/wordpress\/plugins\/seo\/ -->\n<title>V\u00e5r mat | Karl Johan \u00d6rebro<\/title>\n<meta name=\"description\" content=\"Vi serverar god och n\u00e4ringsriktig lunch som lagas i v\u00e5rt eget k\u00f6k. Skolmaten \u00e4r viktig f\u00f6r att eleverna ska orka och vilja l\u00e4ra.\" \/>\n<meta name=\"robots\" content=\"index, follow, max-snippet:-1, max-image-preview:large, max-video-preview:-1\" \/>\n<link rel=\"canonical\" href=\"https:\/\/popsacademy.se\/karljohan\/om\/skolmat\/\" \/>\n<meta property=\"og:locale\" content=\"sv_SE\" \/>\n<meta property=\"og:type\" content=\"article\" \/>\n<meta property=\"og:title\" content=\"V\u00e5r mat | Karl Johan \u00d6rebro\" \/>\n<meta property=\"og:description\" content=\"Vi serverar god och n\u00e4ringsriktig lunch som lagas i v\u00e5rt eget k\u00f6k. Skolmaten \u00e4r viktig f\u00f6r att eleverna ska orka och vilja l\u00e4ra.\" \/>\n<meta property=\"og:url\" content=\"https:\/\/popsacademy.se\/karljohan\/om\/skolmat\/\" \/>\n<meta property=\"og:site_name\" content=\"Karl Johan \u00d6rebro\" \/>\n<meta property=\"article:modified_time\" content=\"2025-10-21T13:33:55+00:00\" \/>\n<meta property=\"og:image\" content=\"https:\/\/popsacademy.se\/wp-content\/uploads\/sites\/8\/2023\/04\/pops-academy-musik-kreativitet-akademisk-kvalitet-orebro-202204-22-1200x630.jpg\" \/>\n<meta name=\"twitter:card\" content=\"summary_large_image\" \/>\n<meta name=\"twitter:title\" content=\"V\u00e5r mat | Karl Johan \u00d6rebro\" \/>\n<meta name=\"twitter:description\" content=\"Vi serverar god och n\u00e4ringsriktig lunch som lagas i v\u00e5rt eget k\u00f6k. Skolmaten \u00e4r viktig f\u00f6r att eleverna ska orka och vilja l\u00e4ra.\" \/>\n<meta name=\"twitter:image\" content=\"https:\/\/popsacademy.se\/wp-content\/uploads\/sites\/8\/2023\/04\/pops-academy-musik-kreativitet-akademisk-kvalitet-orebro-202204-22-1200x630.jpg\" \/>\n<meta name=\"twitter:label1\" content=\"Ber\u00e4knad l\u00e4stid\" \/>\n\t<meta name=\"twitter:data1\" content=\"1 minut\" \/>\n<script type=\"application\/ld+json\" class=\"yoast-schema-graph\">{\"@context\":\"https:\/\/schema.org\",\"@graph\":[{\"@type\":\"WebPage\",\"@id\":\"https:\/\/popsacademy.se\/karljohan\/om\/skolmat\/\",\"url\":\"https:\/\/popsacademy.se\/karljohan\/om\/skolmat\/\",\"name\":\"V\u00e5r mat | Karl Johan \u00d6rebro\",\"isPartOf\":{\"@id\":\"https:\/\/popsacademy.se\/karljohan\/#website\"},\"datePublished\":\"2020-09-23T09:19:38+00:00\",\"dateModified\":\"2025-10-21T13:33:55+00:00\",\"description\":\"Vi serverar god och n\u00e4ringsriktig lunch som lagas i v\u00e5rt eget k\u00f6k. Skolmaten \u00e4r viktig f\u00f6r att eleverna ska orka och vilja l\u00e4ra.\",\"breadcrumb\":{\"@id\":\"https:\/\/popsacademy.se\/karljohan\/om\/skolmat\/#breadcrumb\"},\"inLanguage\":\"sv-SE\",\"potentialAction\":[{\"@type\":\"ReadAction\",\"target\":[\"https:\/\/popsacademy.se\/karljohan\/om\/skolmat\/\"]}]},{\"@type\":\"BreadcrumbList\",\"@id\":\"https:\/\/popsacademy.se\/karljohan\/om\/skolmat\/#breadcrumb\",\"itemListElement\":[{\"@type\":\"ListItem\",\"position\":1,\"name\":\"Start\",\"item\":\"https:\/\/popsacademy.se\/karljohan\/\"},{\"@type\":\"ListItem\",\"position\":2,\"name\":\"Om skolan\",\"item\":\"https:\/\/popsacademy.se\/karljohan\/om\/\"},{\"@type\":\"ListItem\",\"position\":3,\"name\":\"V\u00e5r mat\"}]},{\"@type\":\"WebSite\",\"@id\":\"https:\/\/popsacademy.se\/karljohan\/#website\",\"url\":\"https:\/\/popsacademy.se\/karljohan\/\",\"name\":\"Karl Johan \u00d6rebro\",\"description\":\"Kreativ verksamhet med akademisk kvalitet\",\"potentialAction\":[{\"@type\":\"SearchAction\",\"target\":{\"@type\":\"EntryPoint\",\"urlTemplate\":\"https:\/\/popsacademy.se\/karljohan\/?s={search_term_string}\"},\"query-input\":\"required name=search_term_string\"}],\"inLanguage\":\"sv-SE\"}]}<\/script>\n<!-- \/ Yoast SEO plugin. -->","yoast_head_json":{"title":"V\u00e5r mat | Karl Johan \u00d6rebro","description":"Vi serverar god och n\u00e4ringsriktig lunch som lagas i v\u00e5rt eget k\u00f6k. Skolmaten \u00e4r viktig f\u00f6r att eleverna ska orka och vilja l\u00e4ra.","robots":{"index":"index","follow":"follow","max-snippet":"max-snippet:-1","max-image-preview":"max-image-preview:large","max-video-preview":"max-video-preview:-1"},"canonical":"https:\/\/popsacademy.se\/karljohan\/om\/skolmat\/","og_locale":"sv_SE","og_type":"article","og_title":"V\u00e5r mat | Karl Johan \u00d6rebro","og_description":"Vi serverar god och n\u00e4ringsriktig lunch som lagas i v\u00e5rt eget k\u00f6k. Skolmaten \u00e4r viktig f\u00f6r att eleverna ska orka och vilja l\u00e4ra.","og_url":"https:\/\/popsacademy.se\/karljohan\/om\/skolmat\/","og_site_name":"Karl Johan \u00d6rebro","article_modified_time":"2025-10-21T13:33:55+00:00","og_image":[{"url":"https:\/\/popsacademy.se\/wp-content\/uploads\/sites\/8\/2023\/04\/pops-academy-musik-kreativitet-akademisk-kvalitet-orebro-202204-22-1200x630.jpg"}],"twitter_card":"summary_large_image","twitter_title":"V\u00e5r mat | Karl Johan \u00d6rebro","twitter_description":"Vi serverar god och n\u00e4ringsriktig lunch som lagas i v\u00e5rt eget k\u00f6k. Skolmaten \u00e4r viktig f\u00f6r att eleverna ska orka och vilja l\u00e4ra.","twitter_image":"https:\/\/popsacademy.se\/wp-content\/uploads\/sites\/8\/2023\/04\/pops-academy-musik-kreativitet-akademisk-kvalitet-orebro-202204-22-1200x630.jpg","twitter_misc":{"Ber\u00e4knad l\u00e4stid":"1 minut"},"schema":{"@context":"https:\/\/schema.org","@graph":[{"@type":"WebPage","@id":"https:\/\/popsacademy.se\/karljohan\/om\/skolmat\/","url":"https:\/\/popsacademy.se\/karljohan\/om\/skolmat\/","name":"V\u00e5r mat | Karl Johan \u00d6rebro","isPartOf":{"@id":"https:\/\/popsacademy.se\/karljohan\/#website"},"datePublished":"2020-09-23T09:19:38+00:00","dateModified":"2025-10-21T13:33:55+00:00","description":"Vi serverar god och n\u00e4ringsriktig lunch som lagas i v\u00e5rt eget k\u00f6k. Skolmaten \u00e4r viktig f\u00f6r att eleverna ska orka och vilja l\u00e4ra.","breadcrumb":{"@id":"https:\/\/popsacademy.se\/karljohan\/om\/skolmat\/#breadcrumb"},"inLanguage":"sv-SE","potentialAction":[{"@type":"ReadAction","target":["https:\/\/popsacademy.se\/karljohan\/om\/skolmat\/"]}]},{"@type":"BreadcrumbList","@id":"https:\/\/popsacademy.se\/karljohan\/om\/skolmat\/#breadcrumb","itemListElement":[{"@type":"ListItem","position":1,"name":"Start","item":"https:\/\/popsacademy.se\/karljohan\/"},{"@type":"ListItem","position":2,"name":"Om skolan","item":"https:\/\/popsacademy.se\/karljohan\/om\/"},{"@type":"ListItem","position":3,"name":"V\u00e5r mat"}]},{"@type":"WebSite","@id":"https:\/\/popsacademy.se\/karljohan\/#website","url":"https:\/\/popsacademy.se\/karljohan\/","name":"Karl Johan \u00d6rebro","description":"Kreativ verksamhet med akademisk kvalitet","potentialAction":[{"@type":"SearchAction","target":{"@type":"EntryPoint","urlTemplate":"https:\/\/popsacademy.se\/karljohan\/?s={search_term_string}"},"query-input":"required name=search_term_string"}],"inLanguage":"sv-SE"}]}},"_links":{"self":[{"href":"https:\/\/popsacademy.se\/karljohan\/wp-json\/wp\/v2\/pages\/20"}],"collection":[{"href":"https:\/\/popsacademy.se\/karljohan\/wp-json\/wp\/v2\/pages"}],"about":[{"href":"https:\/\/popsacademy.se\/karljohan\/wp-json\/wp\/v2\/types\/page"}],"author":[{"embeddable":true,"href":"https:\/\/popsacademy.se\/karljohan\/wp-json\/wp\/v2\/users\/3"}],"replies":[{"embeddable":true,"href":"https:\/\/popsacademy.se\/karljohan\/wp-json\/wp\/v2\/comments?post=20"}],"version-history":[{"count":10,"href":"https:\/\/popsacademy.se\/karljohan\/wp-json\/wp\/v2\/pages\/20\/revisions"}],"predecessor-version":[{"id":1326,"href":"https:\/\/popsacademy.se\/karljohan\/wp-json\/wp\/v2\/pages\/20\/revisions\/1326"}],"up":[{"embeddable":true,"href":"https:\/\/popsacademy.se\/karljohan\/wp-json\/wp\/v2\/pages\/8"}],"wp:attachment":[{"href":"https:\/\/popsacademy.se\/karljohan\/wp-json\/wp\/v2\/media?parent=20"}],"curies":[{"name":"wp","href":"https:\/\/api.w.org\/{rel}","templated":true}]}}