{"id":16,"date":"2020-09-23T09:02:19","date_gmt":"2020-09-23T09:02:19","guid":{"rendered":"https:\/\/popsacademy.se\/orebro\/?page_id=16"},"modified":"2025-10-21T14:25:56","modified_gmt":"2025-10-21T13:25:56","slug":"elevhalsa","status":"publish","type":"page","link":"https:\/\/popsacademy.se\/karljohan\/om\/elevhalsa\/","title":{"rendered":"Elevh\u00e4lsa"},"content":{"rendered":"\n<div class=\"wp-block-columns is-layout-flex wp-container-core-columns-layout-1 wp-block-columns-is-layout-flex\">\n<div class=\"wp-block-column is-layout-flow wp-block-column-is-layout-flow\" style=\"flex-basis:66.66%\">\n<h1 class=\"wp-block-heading\">Elevh\u00e4lsa<\/h1>\n\n\n\n<p   class=\"site__ingress container text-left  site__text-color--dark  site__free_text--ingress p-0\">\n\tElevh\u00e4lsan ska tillsammans med skolans l\u00e4rare och \u00f6vrig personal se till att eleverna har en s\u00e5 bra skol- och l\u00e4randemilj\u00f6 som m\u00f6jligt, b\u00e5de f\u00f6r sin kunskapsutveckling och f\u00f6r sin personliga och sociala utveckling.<\/p>\n\n\n\n\n\n<h2 class=\"wp-block-heading\">Vad g\u00f6r elevh\u00e4lsan? <\/h2>\n\n\n\n<p>V\u00e5rt elevh\u00e4lsoteam p\u00e5 Pops Academy Karl Johan best\u00e5r av specialpedagoger, skolkurator, skolsk\u00f6terska, skoll\u00e4kare, skolpsykolog och v\u00e5r rektor Lena Bostr\u00f6m.<\/p>\n\n\n\n<p>Ett elevh\u00e4lsoteam finns p\u00e5 skolan med uppdraget att ge elever de resurser som beh\u00f6vs f\u00f6r att underl\u00e4tta och hj\u00e4lpa inl\u00e4rning och utveckling. Det inneb\u00e4r att du som elev kan komma i kontakt med elevh\u00e4lsan om du exempelvis beh\u00f6ver extra st\u00f6ttning. L\u00e4s mer om v\u00e5rt kvalitetsarbete och hur vi arbetar med barnens utveckling <a href=\"https:\/\/popsacademy.se\/om\/kvalitet\/\">h\u00e4r<\/a>.&nbsp;<\/p>\n<\/div>\n\n\n\n<div class=\"wp-block-column is-layout-flow wp-block-column-is-layout-flow\" style=\"flex-basis:33.33%\"><\/div>\n<\/div>\n\n\n\n<div class=\"wp-block-columns is-layout-flex wp-container-core-columns-layout-2 wp-block-columns-is-layout-flex\">\n<div class=\"wp-block-column is-layout-flow wp-block-column-is-layout-flow\">\t<div\n\t\t class=\"container-fluid images-module\" >\n\t\t<div class=\"row my-2\">\n\t\t\t<div\n\t\t\t\t\tclass=\"col-md-12 order-md-1 images_module__img_l images_module__content_spacing_img_l_m  images-module__color-plate-left-bg_site__secondary-bg--100 \">\n\t\t\t\t<div class=\"d-inline-block position-relative\">\n\n\n\t\t\t\t\t<div class=\"images__wrapper\" style=\"\n\t\t\t\t\tmax-width: 440px;\t\t\t\t\tmax-height: 494px;\">\n\t\t\t\t\t\t<img decoding=\"async\" width=\"1080\" height=\"1080\" src=\"https:\/\/popsacademy.se\/wp-content\/uploads\/sites\/8\/2023\/04\/pops-academy-musik-kreativitet-akademisk-kvalitet-orebro-202204-12.jpg\" class=\"d-block images__image_ratio  \" alt=\"Elev p\u00e5 Pops Academy samtalar med skolsk\u00f6terskan.\" style=\"aspect-ratio: 440 \/ 494;object-position: center center;\" srcset=\"https:\/\/popsacademy.se\/wp-content\/uploads\/sites\/8\/2023\/04\/pops-academy-musik-kreativitet-akademisk-kvalitet-orebro-202204-12.jpg 1080w, https:\/\/popsacademy.se\/wp-content\/uploads\/sites\/8\/2023\/04\/pops-academy-musik-kreativitet-akademisk-kvalitet-orebro-202204-12-150x150.jpg 150w, https:\/\/popsacademy.se\/wp-content\/uploads\/sites\/8\/2023\/04\/pops-academy-musik-kreativitet-akademisk-kvalitet-orebro-202204-12-300x300.jpg 300w, https:\/\/popsacademy.se\/wp-content\/uploads\/sites\/8\/2023\/04\/pops-academy-musik-kreativitet-akademisk-kvalitet-orebro-202204-12-400x400.jpg 400w, https:\/\/popsacademy.se\/wp-content\/uploads\/sites\/8\/2023\/04\/pops-academy-musik-kreativitet-akademisk-kvalitet-orebro-202204-12-600x600.jpg 600w, https:\/\/popsacademy.se\/wp-content\/uploads\/sites\/8\/2023\/04\/pops-academy-musik-kreativitet-akademisk-kvalitet-orebro-202204-12-800x800.jpg 800w, https:\/\/popsacademy.se\/wp-content\/uploads\/sites\/8\/2023\/04\/pops-academy-musik-kreativitet-akademisk-kvalitet-orebro-202204-12-1024x1024.jpg 1024w\" sizes=\"(max-width: 1080px) 100vw, 1080px\" \/>\t\t\t\t\t<\/div>\n\n\t\t\t\t\t\n\n\t\t\t\t\t\t\t\t\t<\/div>\n\t\t\t<\/div>\n\t\t<\/div>\n\t<\/div>\n\t\n\n\n<script>\n\tvar images_display_descriptive_text = \"\";\n<\/script>\n<\/div>\n\n\n\n<div class=\"wp-block-column is-layout-flow wp-block-column-is-layout-flow\">\n<h3 class=\"wp-block-heading\">Specialpedagogen<\/h3>\n\n\n\n<p>Arbetar i n\u00e4ra samarbete med l\u00e4rare med att kartl\u00e4gga, f\u00f6rebygga och undanr\u00f6ja hinder f\u00f6r l\u00e4rande, planera och genomf\u00f6ra extra anpassningar. De har ocks\u00e5 en central roll i att kartl\u00e4gga elevers behov av s\u00e4rskilt st\u00f6d och uppr\u00e4tta \u00e5tg\u00e4rdsprogram.<\/p>\n\n\n\n<h3 class=\"wp-block-heading\">Kuratorn&nbsp;<\/h3>\n\n\n\n<p>Fungerar som ett st\u00f6d i det pedagogiska arbetet. Kuratorn arbetar med skolans v\u00e4rdegrundsfr\u00e5gor och likabehandlingsarbete samt elevens l\u00e4rande, h\u00e4lsa, trivsel f\u00f6r att motverka kr\u00e4nkningar och diskriminering.&nbsp;<\/p>\n\n\n\n<h3 class=\"wp-block-heading\">Skolpsykologen&nbsp;<\/h3>\n\n\n\n<p>Samverkar med pedagogisk personal, genom konsultation och utbildning. Genomf\u00f6r bed\u00f6mningar och utredningar f\u00f6r att uppt\u00e4cka psykologiska eller inl\u00e4rningsm\u00e4ssiga hinder, samt f\u00f6resl\u00e5r anpassningar och \u00e5tg\u00e4rder.&nbsp;&nbsp;<\/p>\n\n\n\n<h3 class=\"wp-block-heading\">Medicinsk insats och h\u00e4lsobes\u00f6k f\u00f6r grundskolan&nbsp;<\/h3>\n\n\n\n<p>I grundskolan erbjuds eleverna tre h\u00e4lsobes\u00f6k hos skolans skolsk\u00f6terska som innefattar allm\u00e4nna h\u00e4lsokontroller och h\u00e4lsosamtal. I \u00e5rskurs 2 och 6 erbjuds eleverna en tillv\u00e4xtkontroll.&nbsp;<\/p>\n\n\n\n<p>Skolsk\u00f6terskan utf\u00f6r vaccinationer enligt<a href=\"https:\/\/www.folkhalsomyndigheten.se\/smittskydd-beredskap\/vaccinationer\/vaccinationsprogram\/barnvaccinationsprogram\/\"> nationella vaccinationsprogrammet<\/a> och finns d\u00e4r f\u00f6r v\u00e5ra elever med uppgift att h\u00e5lla ett medicinskt fokus i elevh\u00e4lsoteamet och d\u00e4rmed i hela skolan.&nbsp;<\/p>\n\n\n\n<p>V\u00e5rt elevh\u00e4lsoteam best\u00e5r ocks\u00e5 av en skoll\u00e4kare som tr\u00e4ffar elever f\u00f6r medicinsk bed\u00f6mning och kompetens i elevh\u00e4lsoarbetet.&nbsp;<\/p>\n<\/div>\n<\/div>\n\n\n\n<section \n\t\t class=\"\n\t\t ams-contact\n\t\t \n\t\t c-block l-stacked\n\t\t \n\t\t \n\t\t js-load-more\n\t\t \"\n\t\t data-color-scheme=\"nyans2_av_cta-hover-standard\"\n\t\t\t\t\tdata-count=\"3\"\n\t\t\t\t\t\t\tdata-count-mobile=\"2\"\n\t\t\t\t>\n\t<div\n\t\t class=\"\n\t\t l-container-narrow\n\t\t l-stack l-stack-fluid-2xl\n\t\t u-pt-fluid-3xl-6xl\n\t\t u-pb-fluid-3xl-6xl\n\t\t is-center\n\t\t is-center@md\n\t\t \">\n\t\t\t\t\t<div class=\"ams-contact__intro l-stack l-stack-lg\">\n\t\t\t\t\t\n\t<h2\n\tclass=\"c-heading u-font-title-1 \"\n\tstyle=\"\">\n\t\t\n\t\t\t\t\tHar du fr\u00e5gor om elevh\u00e4lsan?\n\t\t\t\t\n\t<\/h2>\n\n\t\t\t\t\t\t\t\t\t<div class=\"c-text l-stack u-cs-xl u-font-body\">\n\t\t\t\t\t\t<p>Kontakta g\u00e4rna oss s\u00e5 f\u00e5r du svar p\u00e5 dina fr\u00e5gor om elevh\u00e4lsan.<\/p>\n\n\t\t\t\t\t<\/div>\n\t\t\t\t\t\t\t<\/div>\n\t\t\n\t\t\n\t\t    \t\n\t\t\n\t\t<ul\n\t\t\tid=\"contact-grid-69dffda5cface\"\n\t\t\tclass=\"ams-contact__list l-grid u-gap-fluid-2xl-4xl u-justify-center js-results \"\n\t\t\taria-label=\"Kontakter\"\n\t\t\tdata-filter-animation=\"off\"\n\t\t\t>\n\t\t\t\t\t\t\t\t\t\t\t\n\t\t\t\t\n\t\t\t\t<li class=\"l-col-6@md \" data-filter=\"d\">\n\t\t\t\t\t<article class=\"c-card \" data-variant=\"neutral\">\n\t\t\t\t\t\t<div class=\"c-card__content u-text-center\">\n\t\t\t\t\t\t\t\t\t\t\t\t\t\t\t<h3 class=\"c-card__title u-font-title-3\">\n\t\t\t\t\t\t\t\t\tSofia Meijer\n\t\t\t\t\t\t\t\t<\/h3>\n\t\t\t\t\t\t\t\n\t\t\t\t\t\t\t\t\t\t\t\t\t\t\t<p class=\"position u-font-body\">Skolsk\u00f6terska<\/p>\n\t\t\t\t\t\t\t\n\t\t\t\t\t\t\t\t\t\t\t\t\t\t\t<div class=\"contact-info u-font-body\">\n\t\t\t\t\t\t\t\t\t\t\t\t\t\t\t\t\t\t\t\t\t\t\t\t\t\t\t\t\t\t<p class=\"phone\"><a\n\t\t\t\t\t\t\t\t\t\t\t\t\thref=\"tel:019209265\"\n\t\t\t\t\t\t\t\t\t\t\t\t\tclass=\"u-text-link\">019-20 92 65<\/a>\n\t\t\t\t\t\t\t\t\t\t\t<\/p>\n\t\t\t\t\t\t\t\t\t\t\t\t\t\t\t\t\t\t\t\n\t\t\t\t\t\t\t\t\t\t\t\t\t\t\t\t\t\t\t\t\t\t\t\t\t\t\t\t\t\t<p class=\"email\"><a\n\t\t\t\t\t\t\t\t\t\t\t\t\thref=\"&#109;a&#105;&#108;to:so&#102;i&#097;.m&#101;&#105;&#106;e&#114;&#064;po&#112;sa&#099;&#097;de&#109;y.&#115;&#101;\"\n\t\t\t\t\t\t\t\t\t\t\t\t\tclass=\"u-text-link\">s&#111;&#102;ia&#046;&#109;e&#105;&#106;&#101;r&#064;&#112;&#111;ps&#097;c&#097;d&#101;my.&#115;e<\/a>\n\t\t\t\t\t\t\t\t\t\t\t<\/p>\n\t\t\t\t\t\t\t\t\t\t\t\t\t\t\t\t\t\t\t\t\t\t\t\t\t\t\t<\/div>\n\t\t\t\t\t\t\t\n\t\t\t\t\t\t\t\t\t\t\t\t\t<\/div>\n\t\t\t\t\t\t<div class=\"c-card__media\">\n\t\t\t\t\t\t\t\t\t\t\t\t\t\t\t\t\t\t\t\t\t\t\t\t\t\t\t\t\t\t\t\t\t\t\t\t\t\t\t\t\t\t\t\t\t\t\t\t\t<img decoding=\"async\" width=\"400\" height=\"600\" src=\"https:\/\/popsacademy.se\/wp-content\/uploads\/sites\/8\/2020\/11\/sofia-meijer-1.jpg\" class=\"u-radius-round-mix u-ratio-landscape  \" alt=\"\" sizes=\"(max-width: 300px) 100vw, 300px\" srcset=\"https:\/\/popsacademy.se\/wp-content\/uploads\/sites\/8\/2020\/11\/sofia-meijer-1.jpg 400w, https:\/\/popsacademy.se\/wp-content\/uploads\/sites\/8\/2020\/11\/sofia-meijer-1-300x450.jpg 300w\" \/>\n\t\t\t\t\t\t<\/div>\n\t\t\t\t\t<\/article>\n\t\t\t\t<\/li>\n\t\t\t\t\t\t\t\t\t\t\t\n\t\t\t\t\n\t\t\t\t<li class=\"l-col-6@md \" data-filter=\"d\">\n\t\t\t\t\t<article class=\"c-card \" data-variant=\"neutral\">\n\t\t\t\t\t\t<div class=\"c-card__content u-text-center\">\n\t\t\t\t\t\t\t\t\t\t\t\t\t\t\t<h3 class=\"c-card__title u-font-title-3\">\n\t\t\t\t\t\t\t\t\tJenny Blomgren\n\t\t\t\t\t\t\t\t<\/h3>\n\t\t\t\t\t\t\t\n\t\t\t\t\t\t\t\t\t\t\t\t\t\t\t<p class=\"position u-font-body\">Kurator<\/p>\n\t\t\t\t\t\t\t\n\t\t\t\t\t\t\t\t\t\t\t\t\t\t\t<div class=\"contact-info u-font-body\">\n\t\t\t\t\t\t\t\t\t\t\t\t\t\t\t\t\t\t\t\t\t\t\t\t\t\t\t\t\t\t<p class=\"phone\"><a\n\t\t\t\t\t\t\t\t\t\t\t\t\thref=\"tel:019209266\"\n\t\t\t\t\t\t\t\t\t\t\t\t\tclass=\"u-text-link\">019-20 92 66<\/a>\n\t\t\t\t\t\t\t\t\t\t\t<\/p>\n\t\t\t\t\t\t\t\t\t\t\t\t\t\t\t\t\t\t\t\n\t\t\t\t\t\t\t\t\t\t\t\t\t\t\t\t\t\t\t\t\t\t\t\t\t\t\t\t\t\t<p class=\"email\"><a\n\t\t\t\t\t\t\t\t\t\t\t\t\thref=\"m&#097;&#105;&#108;&#116;&#111;:&#106;&#101;&#110;&#110;y.&#098;&#108;&#111;&#109;&#103;&#114;en&#064;p&#111;p&#115;a&#099;ad&#101;m&#121;.se\"\n\t\t\t\t\t\t\t\t\t\t\t\t\tclass=\"u-text-link\">&#106;e&#110;&#110;y&#046;&#098;&#108;&#111;m&#103;&#114;e&#110;&#064;&#112;op&#115;&#097;&#099;&#097;d&#101;&#109;y&#046;s&#101;<\/a>\n\t\t\t\t\t\t\t\t\t\t\t<\/p>\n\t\t\t\t\t\t\t\t\t\t\t\t\t\t\t\t\t\t\t\t\t\t\t\t\t\t\t<\/div>\n\t\t\t\t\t\t\t\n\t\t\t\t\t\t\t\t\t\t\t\t\t<\/div>\n\t\t\t\t\t\t<div class=\"c-card__media\">\n\t\t\t\t\t\t\t\t\t\t\t\t\t\t\t\t\t\t\t\t\t\t\t\t\t\t\t\t\t\t\t\t\t\t\t\t\t\t\t\t\t\t\t\t\t\t\t\t\t<img decoding=\"async\" width=\"400\" height=\"600\" src=\"https:\/\/popsacademy.se\/wp-content\/uploads\/sites\/8\/2020\/11\/jenny-blomgren.jpg\" class=\"u-radius-round-mix u-ratio-landscape  \" alt=\"Personportr\u00e4tt.\" sizes=\"(max-width: 300px) 100vw, 300px\" srcset=\"https:\/\/popsacademy.se\/wp-content\/uploads\/sites\/8\/2020\/11\/jenny-blomgren.jpg 400w, https:\/\/popsacademy.se\/wp-content\/uploads\/sites\/8\/2020\/11\/jenny-blomgren-300x450.jpg 300w\" \/>\n\t\t\t\t\t\t<\/div>\n\t\t\t\t\t<\/article>\n\t\t\t\t<\/li>\n\t\t\t\t\t\t\t\t\t\t\t\n\t\t\t\t\n\t\t\t\t<li class=\"l-col-6@md \" data-filter=\"d\">\n\t\t\t\t\t<article class=\"c-card \" data-variant=\"neutral\">\n\t\t\t\t\t\t<div class=\"c-card__content u-text-center\">\n\t\t\t\t\t\t\t\t\t\t\t\t\t\t\t<h3 class=\"c-card__title u-font-title-3\">\n\t\t\t\t\t\t\t\t\tJohanna B\u00e4ckrud\n\t\t\t\t\t\t\t\t<\/h3>\n\t\t\t\t\t\t\t\n\t\t\t\t\t\t\t\t\t\t\t\t\t\t\t<p class=\"position u-font-body\">Specialpedagog<\/p>\n\t\t\t\t\t\t\t\n\t\t\t\t\t\t\t\t\t\t\t\t\t\t\t<div class=\"contact-info u-font-body\">\n\t\t\t\t\t\t\t\t\t\t\t\t\t\t\t\t\t\t\t\t\t\t\t\t\t\t\t\t\t\t<p class=\"phone\"><a\n\t\t\t\t\t\t\t\t\t\t\t\t\thref=\"tel:019207238\"\n\t\t\t\t\t\t\t\t\t\t\t\t\tclass=\"u-text-link\">019-20 72 38<\/a>\n\t\t\t\t\t\t\t\t\t\t\t<\/p>\n\t\t\t\t\t\t\t\t\t\t\t\t\t\t\t\t\t\t\t\n\t\t\t\t\t\t\t\t\t\t\t\t\t\t\t\t\t\t\t\t\t\t\t\t\t\t\t\t\t\t<p class=\"email\"><a\n\t\t\t\t\t\t\t\t\t\t\t\t\thref=\"&#109;a&#105;&#108;t&#111;:&#106;oha&#110;n&#097;.&#098;&#097;&#099;&#107;&#114;u&#100;&#064;p&#111;ps&#097;ca&#100;emy.se\"\n\t\t\t\t\t\t\t\t\t\t\t\t\tclass=\"u-text-link\">j&#111;han&#110;a&#046;&#098;ac&#107;rud&#064;p&#111;ps&#097;&#099;adem&#121;.&#115;&#101;<\/a>\n\t\t\t\t\t\t\t\t\t\t\t<\/p>\n\t\t\t\t\t\t\t\t\t\t\t\t\t\t\t\t\t\t\t\t\t\t\t\t\t\t\t<\/div>\n\t\t\t\t\t\t\t\n\t\t\t\t\t\t\t\t\t\t\t\t\t<\/div>\n\t\t\t\t\t\t<div class=\"c-card__media\">\n\t\t\t\t\t\t\t\t\t\t\t\t\t\t\t\t\t\t\t\t\t\t\t\t\t\t\t\t\t\t\t\t\t\t\t\t\t\t\t\t\t\t\t\t\t\t\t\t\t<img decoding=\"async\" width=\"400\" height=\"600\" src=\"https:\/\/popsacademy.se\/wp-content\/uploads\/sites\/8\/2020\/11\/johanna-backrud.jpg\" class=\"u-radius-round-mix u-ratio-landscape  \" alt=\"Personportr\u00e4tt.\" sizes=\"(max-width: 300px) 100vw, 300px\" srcset=\"https:\/\/popsacademy.se\/wp-content\/uploads\/sites\/8\/2020\/11\/johanna-backrud.jpg 400w, https:\/\/popsacademy.se\/wp-content\/uploads\/sites\/8\/2020\/11\/johanna-backrud-300x450.jpg 300w\" \/>\n\t\t\t\t\t\t<\/div>\n\t\t\t\t\t<\/article>\n\t\t\t\t<\/li>\n\t\t\t\t\t\t\t\t\t\t\t\n\t\t\t\t\n\t\t\t\t<li class=\"l-col-6@md \" data-filter=\"d\">\n\t\t\t\t\t<article class=\"c-card \" data-variant=\"neutral\">\n\t\t\t\t\t\t<div class=\"c-card__content u-text-center\">\n\t\t\t\t\t\t\t\t\t\t\t\t\t\t\t<h3 class=\"c-card__title u-font-title-3\">\n\t\t\t\t\t\t\t\t\tJemina Silfst\u00e9n\n\t\t\t\t\t\t\t\t<\/h3>\n\t\t\t\t\t\t\t\n\t\t\t\t\t\t\t\t\t\t\t\t\t\t\t<p class=\"position u-font-body\">Speciall\u00e4rare<\/p>\n\t\t\t\t\t\t\t\n\t\t\t\t\t\t\t\t\t\t\t\t\t\t\t<div class=\"contact-info u-font-body\">\n\t\t\t\t\t\t\t\t\t\n\t\t\t\t\t\t\t\t\t\t\t\t\t\t\t\t\t\t\t\t\t\t\t\t\t\t\t\t\t\t<p class=\"email\"><a\n\t\t\t\t\t\t\t\t\t\t\t\t\thref=\"&#109;&#097;i&#108;&#116;o&#058;Jem&#105;na.si&#108;f&#115;ten&#064;&#112;opsaca&#100;emy.se\"\n\t\t\t\t\t\t\t\t\t\t\t\t\tclass=\"u-text-link\">J&#101;&#109;&#105;na.sil&#102;s&#116;en&#064;&#112;op&#115;&#097;&#099;&#097;&#100;&#101;&#109;y.s&#101;<\/a>\n\t\t\t\t\t\t\t\t\t\t\t<\/p>\n\t\t\t\t\t\t\t\t\t\t\t\t\t\t\t\t\t\t\t\t\t\t\t\t\t\t\t<\/div>\n\t\t\t\t\t\t\t\n\t\t\t\t\t\t\t\t\t\t\t\t\t<\/div>\n\t\t\t\t\t\t<div class=\"c-card__media\">\n\t\t\t\t\t\t\t\t\t\t\t\t\t\t\t\t\t\t\t\t\t\t\t\t\t\t\t\t\t\t\t\t\t\t\t\t\t\t\t\t\t\t\t\t\t\t\t\t\t<img decoding=\"async\" width=\"400\" height=\"600\" src=\"https:\/\/popsacademy.se\/wp-content\/uploads\/sites\/8\/2020\/11\/jemina-silfsten.jpg\" class=\"u-radius-round-mix u-ratio-landscape  \" alt=\"\" sizes=\"(max-width: 300px) 100vw, 300px\" srcset=\"https:\/\/popsacademy.se\/wp-content\/uploads\/sites\/8\/2020\/11\/jemina-silfsten.jpg 400w, https:\/\/popsacademy.se\/wp-content\/uploads\/sites\/8\/2020\/11\/jemina-silfsten-300x450.jpg 300w\" \/>\n\t\t\t\t\t\t<\/div>\n\t\t\t\t\t<\/article>\n\t\t\t\t<\/li>\n\t\t\t\t\t\t\t\t\t\t\t\n\t\t\t\t\n\t\t\t\t<li class=\"l-col-6@md \" data-filter=\"d\">\n\t\t\t\t\t<article class=\"c-card \" data-variant=\"neutral\">\n\t\t\t\t\t\t<div class=\"c-card__content u-text-center\">\n\t\t\t\t\t\t\t\t\t\t\t\t\t\t\t<h3 class=\"c-card__title u-font-title-3\">\n\t\t\t\t\t\t\t\t\tVeronica Westerback\n\t\t\t\t\t\t\t\t<\/h3>\n\t\t\t\t\t\t\t\n\t\t\t\t\t\t\t\t\t\t\t\t\t\t\t<p class=\"position u-font-body\">Speciall\u00e4rare<\/p>\n\t\t\t\t\t\t\t\n\t\t\t\t\t\t\t\t\t\t\t\t\t\t\t<div class=\"contact-info u-font-body\">\n\t\t\t\t\t\t\t\t\t\n\t\t\t\t\t\t\t\t\t\t\t\t\t\t\t\t\t\t\t\t\t\t\t\t\t\t\t\t\t\t<p class=\"email\"><a\n\t\t\t\t\t\t\t\t\t\t\t\t\thref=\"&#109;&#097;&#105;&#108;&#116;&#111;&#058;v&#101;ron&#105;&#099;a.we&#115;&#116;&#101;&#114;bac&#107;&#064;pop&#115;&#097;&#099;&#097;&#100;e&#109;y&#046;&#115;e\"\n\t\t\t\t\t\t\t\t\t\t\t\t\tclass=\"u-text-link\">ve&#114;&#111;n&#105;&#099;a&#046;&#119;e&#115;&#116;e&#114;back&#064;&#112;&#111;&#112;s&#097;&#099;adem&#121;&#046;se<\/a>\n\t\t\t\t\t\t\t\t\t\t\t<\/p>\n\t\t\t\t\t\t\t\t\t\t\t\t\t\t\t\t\t\t\t\t\t\t\t\t\t\t\t<\/div>\n\t\t\t\t\t\t\t\n\t\t\t\t\t\t\t\t\t\t\t\t\t<\/div>\n\t\t\t\t\t\t<div class=\"c-card__media\">\n\t\t\t\t\t\t\t\t\t\t\t\t\t\t\t\t\t\t\t\t\t\t\t\t\t\t\t\t\t\t\t\t\t\t\t\t\t\t\t\t\t\t\t\t\t\t\t\t\t<img decoding=\"async\" width=\"400\" height=\"600\" src=\"https:\/\/popsacademy.se\/wp-content\/uploads\/sites\/8\/2020\/11\/veronica-westerback.jpg\" class=\"u-radius-round-mix u-ratio-landscape  \" alt=\"\" sizes=\"(max-width: 300px) 100vw, 300px\" srcset=\"https:\/\/popsacademy.se\/wp-content\/uploads\/sites\/8\/2020\/11\/veronica-westerback.jpg 400w, https:\/\/popsacademy.se\/wp-content\/uploads\/sites\/8\/2020\/11\/veronica-westerback-300x450.jpg 300w\" \/>\n\t\t\t\t\t\t<\/div>\n\t\t\t\t\t<\/article>\n\t\t\t\t<\/li>\n\t\t\t\t\t<\/ul>\n\n\t\t\n\t\t    <div class=\"ams-contact__more u-inline-items js-load-more-btn\">\n        <button href=\"#\"\n                class=\"c-btn\"\n                data-style=\"round\"\n                data-size=\"md\"\n                data-width=\"full-mobile\"\n                data-variant=\"outline\">\n        \tVisa mer\n        <\/button>\n    <\/div>\n\n\t\t\t<\/div>\n\n\t\t\n\n<\/section>\n\n\n<div   id=\"page-relative-menu\" class=\"site__font-monospace   container_width--full_width_conIcon   d-lg-none  \">\n\n\t\t\t\n<\/div>\n","protected":false},"excerpt":{"rendered":"<p>Elevh\u00e4lsa Vad g\u00f6r elevh\u00e4lsan? V\u00e5rt elevh\u00e4lsoteam p\u00e5 Pops Academy Karl Johan best\u00e5r av specialpedagoger, skolkurator, skolsk\u00f6terska, skoll\u00e4kare, skolpsykolog och v\u00e5r rektor Lena Bostr\u00f6m. Ett elevh\u00e4lsoteam finns p\u00e5 skolan med uppdraget att ge elever de resurser som beh\u00f6vs f\u00f6r att underl\u00e4tta och hj\u00e4lpa inl\u00e4rning och utveckling. Det inneb\u00e4r att du som elev kan komma i kontakt&#8230;<\/p>\n","protected":false},"author":3,"featured_media":0,"parent":8,"menu_order":0,"comment_status":"closed","ping_status":"closed","template":"","meta":{"footnotes":""},"yoast_head":"<!-- This site is optimized with the Yoast SEO plugin v22.0 - https:\/\/yoast.com\/wordpress\/plugins\/seo\/ -->\n<title>Elevh\u00e4lsa | Karl Johan \u00d6rebro<\/title>\n<meta name=\"description\" content=\"Elevh\u00e4lsan ska tillsammans med skolans l\u00e4rare och \u00f6vrig personal se till att eleverna har en s\u00e5 bra skol- och l\u00e4randemilj\u00f6 som m\u00f6jligt.\" \/>\n<meta name=\"robots\" content=\"index, follow, max-snippet:-1, max-image-preview:large, max-video-preview:-1\" \/>\n<link rel=\"canonical\" href=\"https:\/\/popsacademy.se\/karljohan\/om\/elevhalsa\/\" \/>\n<meta property=\"og:locale\" content=\"sv_SE\" \/>\n<meta property=\"og:type\" content=\"article\" \/>\n<meta property=\"og:title\" content=\"Elevh\u00e4lsa | Karl Johan \u00d6rebro\" \/>\n<meta property=\"og:description\" content=\"Elevh\u00e4lsan ska tillsammans med skolans l\u00e4rare och \u00f6vrig personal se till att eleverna har en s\u00e5 bra skol- och l\u00e4randemilj\u00f6 som m\u00f6jligt.\" \/>\n<meta property=\"og:url\" content=\"https:\/\/popsacademy.se\/karljohan\/om\/elevhalsa\/\" \/>\n<meta property=\"og:site_name\" content=\"Karl Johan \u00d6rebro\" \/>\n<meta property=\"article:modified_time\" content=\"2025-10-21T13:25:56+00:00\" \/>\n<meta name=\"twitter:card\" content=\"summary_large_image\" \/>\n<meta name=\"twitter:title\" content=\"Elevh\u00e4lsa | Karl Johan \u00d6rebro\" \/>\n<meta name=\"twitter:description\" content=\"Elevh\u00e4lsan ska tillsammans med skolans l\u00e4rare och \u00f6vrig personal se till att eleverna har en s\u00e5 bra skol- och l\u00e4randemilj\u00f6 som m\u00f6jligt.\" \/>\n<meta name=\"twitter:label1\" content=\"Ber\u00e4knad l\u00e4stid\" \/>\n\t<meta name=\"twitter:data1\" content=\"2 minuter\" \/>\n<script type=\"application\/ld+json\" class=\"yoast-schema-graph\">{\"@context\":\"https:\/\/schema.org\",\"@graph\":[{\"@type\":\"WebPage\",\"@id\":\"https:\/\/popsacademy.se\/karljohan\/om\/elevhalsa\/\",\"url\":\"https:\/\/popsacademy.se\/karljohan\/om\/elevhalsa\/\",\"name\":\"Elevh\u00e4lsa | Karl Johan \u00d6rebro\",\"isPartOf\":{\"@id\":\"https:\/\/popsacademy.se\/karljohan\/#website\"},\"datePublished\":\"2020-09-23T09:02:19+00:00\",\"dateModified\":\"2025-10-21T13:25:56+00:00\",\"description\":\"Elevh\u00e4lsan ska tillsammans med skolans l\u00e4rare och \u00f6vrig personal se till att eleverna har en s\u00e5 bra skol- och l\u00e4randemilj\u00f6 som m\u00f6jligt.\",\"breadcrumb\":{\"@id\":\"https:\/\/popsacademy.se\/karljohan\/om\/elevhalsa\/#breadcrumb\"},\"inLanguage\":\"sv-SE\",\"potentialAction\":[{\"@type\":\"ReadAction\",\"target\":[\"https:\/\/popsacademy.se\/karljohan\/om\/elevhalsa\/\"]}]},{\"@type\":\"BreadcrumbList\",\"@id\":\"https:\/\/popsacademy.se\/karljohan\/om\/elevhalsa\/#breadcrumb\",\"itemListElement\":[{\"@type\":\"ListItem\",\"position\":1,\"name\":\"Start\",\"item\":\"https:\/\/popsacademy.se\/karljohan\/\"},{\"@type\":\"ListItem\",\"position\":2,\"name\":\"Om skolan\",\"item\":\"https:\/\/popsacademy.se\/karljohan\/om\/\"},{\"@type\":\"ListItem\",\"position\":3,\"name\":\"Elevh\u00e4lsa\"}]},{\"@type\":\"WebSite\",\"@id\":\"https:\/\/popsacademy.se\/karljohan\/#website\",\"url\":\"https:\/\/popsacademy.se\/karljohan\/\",\"name\":\"Karl Johan \u00d6rebro\",\"description\":\"Kreativ verksamhet med akademisk kvalitet\",\"potentialAction\":[{\"@type\":\"SearchAction\",\"target\":{\"@type\":\"EntryPoint\",\"urlTemplate\":\"https:\/\/popsacademy.se\/karljohan\/?s={search_term_string}\"},\"query-input\":\"required name=search_term_string\"}],\"inLanguage\":\"sv-SE\"}]}<\/script>\n<!-- \/ Yoast SEO plugin. -->","yoast_head_json":{"title":"Elevh\u00e4lsa | Karl Johan \u00d6rebro","description":"Elevh\u00e4lsan ska tillsammans med skolans l\u00e4rare och \u00f6vrig personal se till att eleverna har en s\u00e5 bra skol- och l\u00e4randemilj\u00f6 som m\u00f6jligt.","robots":{"index":"index","follow":"follow","max-snippet":"max-snippet:-1","max-image-preview":"max-image-preview:large","max-video-preview":"max-video-preview:-1"},"canonical":"https:\/\/popsacademy.se\/karljohan\/om\/elevhalsa\/","og_locale":"sv_SE","og_type":"article","og_title":"Elevh\u00e4lsa | Karl Johan \u00d6rebro","og_description":"Elevh\u00e4lsan ska tillsammans med skolans l\u00e4rare och \u00f6vrig personal se till att eleverna har en s\u00e5 bra skol- och l\u00e4randemilj\u00f6 som m\u00f6jligt.","og_url":"https:\/\/popsacademy.se\/karljohan\/om\/elevhalsa\/","og_site_name":"Karl Johan \u00d6rebro","article_modified_time":"2025-10-21T13:25:56+00:00","twitter_card":"summary_large_image","twitter_title":"Elevh\u00e4lsa | Karl Johan \u00d6rebro","twitter_description":"Elevh\u00e4lsan ska tillsammans med skolans l\u00e4rare och \u00f6vrig personal se till att eleverna har en s\u00e5 bra skol- och l\u00e4randemilj\u00f6 som m\u00f6jligt.","twitter_misc":{"Ber\u00e4knad l\u00e4stid":"2 minuter"},"schema":{"@context":"https:\/\/schema.org","@graph":[{"@type":"WebPage","@id":"https:\/\/popsacademy.se\/karljohan\/om\/elevhalsa\/","url":"https:\/\/popsacademy.se\/karljohan\/om\/elevhalsa\/","name":"Elevh\u00e4lsa | Karl Johan \u00d6rebro","isPartOf":{"@id":"https:\/\/popsacademy.se\/karljohan\/#website"},"datePublished":"2020-09-23T09:02:19+00:00","dateModified":"2025-10-21T13:25:56+00:00","description":"Elevh\u00e4lsan ska tillsammans med skolans l\u00e4rare och \u00f6vrig personal se till att eleverna har en s\u00e5 bra skol- och l\u00e4randemilj\u00f6 som m\u00f6jligt.","breadcrumb":{"@id":"https:\/\/popsacademy.se\/karljohan\/om\/elevhalsa\/#breadcrumb"},"inLanguage":"sv-SE","potentialAction":[{"@type":"ReadAction","target":["https:\/\/popsacademy.se\/karljohan\/om\/elevhalsa\/"]}]},{"@type":"BreadcrumbList","@id":"https:\/\/popsacademy.se\/karljohan\/om\/elevhalsa\/#breadcrumb","itemListElement":[{"@type":"ListItem","position":1,"name":"Start","item":"https:\/\/popsacademy.se\/karljohan\/"},{"@type":"ListItem","position":2,"name":"Om skolan","item":"https:\/\/popsacademy.se\/karljohan\/om\/"},{"@type":"ListItem","position":3,"name":"Elevh\u00e4lsa"}]},{"@type":"WebSite","@id":"https:\/\/popsacademy.se\/karljohan\/#website","url":"https:\/\/popsacademy.se\/karljohan\/","name":"Karl Johan \u00d6rebro","description":"Kreativ verksamhet med akademisk kvalitet","potentialAction":[{"@type":"SearchAction","target":{"@type":"EntryPoint","urlTemplate":"https:\/\/popsacademy.se\/karljohan\/?s={search_term_string}"},"query-input":"required name=search_term_string"}],"inLanguage":"sv-SE"}]}},"_links":{"self":[{"href":"https:\/\/popsacademy.se\/karljohan\/wp-json\/wp\/v2\/pages\/16"}],"collection":[{"href":"https:\/\/popsacademy.se\/karljohan\/wp-json\/wp\/v2\/pages"}],"about":[{"href":"https:\/\/popsacademy.se\/karljohan\/wp-json\/wp\/v2\/types\/page"}],"author":[{"embeddable":true,"href":"https:\/\/popsacademy.se\/karljohan\/wp-json\/wp\/v2\/users\/3"}],"replies":[{"embeddable":true,"href":"https:\/\/popsacademy.se\/karljohan\/wp-json\/wp\/v2\/comments?post=16"}],"version-history":[{"count":10,"href":"https:\/\/popsacademy.se\/karljohan\/wp-json\/wp\/v2\/pages\/16\/revisions"}],"predecessor-version":[{"id":1179,"href":"https:\/\/popsacademy.se\/karljohan\/wp-json\/wp\/v2\/pages\/16\/revisions\/1179"}],"up":[{"embeddable":true,"href":"https:\/\/popsacademy.se\/karljohan\/wp-json\/wp\/v2\/pages\/8"}],"wp:attachment":[{"href":"https:\/\/popsacademy.se\/karljohan\/wp-json\/wp\/v2\/media?parent=16"}],"curies":[{"name":"wp","href":"https:\/\/api.w.org\/{rel}","templated":true}]}}